{"id":959,"date":"2022-06-16T00:43:52","date_gmt":"2022-06-15T21:43:52","guid":{"rendered":"https:\/\/astrolaegas.ee\/?page_id=959"},"modified":"2025-05-08T08:41:18","modified_gmt":"2025-05-08T06:41:18","slug":"pakett-5x","status":"publish","type":"page","link":"https:\/\/astrolaegas.ee\/en\/teenused\/pakett-5x\/","title":{"rendered":"Package 5x"},"content":{"rendered":"<div data-elementor-type=\"wp-page\" data-elementor-id=\"959\" class=\"elementor elementor-959\">\n\t\t\t\t\t\t<section class=\"elementor-section elementor-top-section elementor-element elementor-element-10a0b6ee elementor-section-boxed elementor-section-height-default elementor-section-height-default\" data-id=\"10a0b6ee\" data-element_type=\"section\" data-e-type=\"section\" data-settings=\"{&quot;background_background&quot;:&quot;classic&quot;}\">\n\t\t\t\t\t\t<div class=\"elementor-container elementor-column-gap-default\">\n\t\t\t\t\t<div class=\"elementor-column elementor-col-33 elementor-top-column elementor-element elementor-element-71c27d48\" data-id=\"71c27d48\" data-element_type=\"column\" data-e-type=\"column\">\n\t\t\t<div class=\"elementor-widget-wrap elementor-element-populated\">\n\t\t\t\t\t\t<div class=\"elementor-element elementor-element-00b06c9 elementor-widget elementor-widget-spacer\" data-id=\"00b06c9\" data-element_type=\"widget\" data-e-type=\"widget\" data-widget_type=\"spacer.default\">\n\t\t\t\t<div class=\"elementor-widget-container\">\n\t\t\t\t\t\t\t<div class=\"elementor-spacer\">\n\t\t\t<div class=\"elementor-spacer-inner\"><\/div>\n\t\t<\/div>\n\t\t\t\t\t\t<\/div>\n\t\t\t\t<\/div>\n\t\t\t\t<div class=\"elementor-element elementor-element-8e5168e elementor-widget elementor-widget-heading\" data-id=\"8e5168e\" data-element_type=\"widget\" data-e-type=\"widget\" data-widget_type=\"heading.default\">\n\t\t\t\t<div class=\"elementor-widget-container\">\n\t\t\t\t\t<h3 class=\"elementor-heading-title elementor-size-default\">CONSULTATIONS<\/h3>\t\t\t\t<\/div>\n\t\t\t\t<\/div>\n\t\t\t\t<div class=\"elementor-element elementor-element-48011e16 elementor-widget elementor-widget-button\" data-id=\"48011e16\" data-element_type=\"widget\" data-e-type=\"widget\" data-widget_type=\"button.default\">\n\t\t\t\t<div class=\"elementor-widget-container\">\n\t\t\t\t\t\t\t\t\t<div class=\"elementor-button-wrapper\">\n\t\t\t\t\t<a class=\"elementor-button elementor-button-link elementor-size-sm\" href=\"http:\/\/astrolaegas.ee\/en\/luhikonsultatsioon\/\">\n\t\t\t\t\t\t<span class=\"elementor-button-content-wrapper\">\n\t\t\t\t\t\t\t\t\t<span class=\"elementor-button-text\">Short Consultation<\/span>\n\t\t\t\t\t<\/span>\n\t\t\t\t\t<\/a>\n\t\t\t\t<\/div>\n\t\t\t\t\t\t\t\t<\/div>\n\t\t\t\t<\/div>\n\t\t\t\t<div class=\"elementor-element elementor-element-53fd21c1 elementor-widget elementor-widget-button\" data-id=\"53fd21c1\" data-element_type=\"widget\" data-e-type=\"widget\" data-widget_type=\"button.default\">\n\t\t\t\t<div class=\"elementor-widget-container\">\n\t\t\t\t\t\t\t\t\t<div class=\"elementor-button-wrapper\">\n\t\t\t\t\t<a class=\"elementor-button elementor-button-link elementor-size-sm\" href=\"http:\/\/astrolaegas.ee\/en\/sunnikaardi-analuus\/\">\n\t\t\t\t\t\t<span class=\"elementor-button-content-wrapper\">\n\t\t\t\t\t\t\t\t\t<span class=\"elementor-button-text\">Natal Chart Interpretation<\/span>\n\t\t\t\t\t<\/span>\n\t\t\t\t\t<\/a>\n\t\t\t\t<\/div>\n\t\t\t\t\t\t\t\t<\/div>\n\t\t\t\t<\/div>\n\t\t\t\t<div class=\"elementor-element elementor-element-4434c073 elementor-widget elementor-widget-button\" data-id=\"4434c073\" data-element_type=\"widget\" data-e-type=\"widget\" data-widget_type=\"button.default\">\n\t\t\t\t<div class=\"elementor-widget-container\">\n\t\t\t\t\t\t\t\t\t<div class=\"elementor-button-wrapper\">\n\t\t\t\t\t<a class=\"elementor-button elementor-button-link elementor-size-sm\" href=\"http:\/\/astrolaegas.ee\/en\/aasta-prognoos-konsultatsioon\/\">\n\t\t\t\t\t\t<span class=\"elementor-button-content-wrapper\">\n\t\t\t\t\t\t\t\t\t<span class=\"elementor-button-text\">Year Ahead Forecast<\/span>\n\t\t\t\t\t<\/span>\n\t\t\t\t\t<\/a>\n\t\t\t\t<\/div>\n\t\t\t\t\t\t\t\t<\/div>\n\t\t\t\t<\/div>\n\t\t\t\t<div class=\"elementor-element elementor-element-66563769 elementor-widget elementor-widget-button\" data-id=\"66563769\" data-element_type=\"widget\" data-e-type=\"widget\" data-widget_type=\"button.default\">\n\t\t\t\t<div class=\"elementor-widget-container\">\n\t\t\t\t\t\t\t\t\t<div class=\"elementor-button-wrapper\">\n\t\t\t\t\t<a class=\"elementor-button elementor-button-link elementor-size-sm\" href=\"https:\/\/astrolaegas.ee\/en\/teenused\/pakett-5x\/\">\n\t\t\t\t\t\t<span class=\"elementor-button-content-wrapper\">\n\t\t\t\t\t\t\t\t\t<span class=\"elementor-button-text\">Package 5x<\/span>\n\t\t\t\t\t<\/span>\n\t\t\t\t\t<\/a>\n\t\t\t\t<\/div>\n\t\t\t\t\t\t\t\t<\/div>\n\t\t\t\t<\/div>\n\t\t\t\t<div class=\"elementor-element elementor-element-ccbe5df elementor-widget elementor-widget-button\" data-id=\"ccbe5df\" data-element_type=\"widget\" data-e-type=\"widget\" data-widget_type=\"button.default\">\n\t\t\t\t<div class=\"elementor-widget-container\">\n\t\t\t\t\t\t\t\t\t<div class=\"elementor-button-wrapper\">\n\t\t\t\t\t<a class=\"elementor-button elementor-button-link elementor-size-sm\" href=\"https:\/\/astrolaegas.ee\/en\/teenused\/sunnikaardi-analuus-kirjalik\/\">\n\t\t\t\t\t\t<span class=\"elementor-button-content-wrapper\">\n\t\t\t\t\t\t\t\t\t<span class=\"elementor-button-text\">Natal Chart Interpretation (written)<\/span>\n\t\t\t\t\t<\/span>\n\t\t\t\t\t<\/a>\n\t\t\t\t<\/div>\n\t\t\t\t\t\t\t\t<\/div>\n\t\t\t\t<\/div>\n\t\t\t\t<div class=\"elementor-element elementor-element-166f04e elementor-widget elementor-widget-button\" data-id=\"166f04e\" data-element_type=\"widget\" data-e-type=\"widget\" data-widget_type=\"button.default\">\n\t\t\t\t<div class=\"elementor-widget-container\">\n\t\t\t\t\t\t\t\t\t<div class=\"elementor-button-wrapper\">\n\t\t\t\t\t<a class=\"elementor-button elementor-button-link elementor-size-sm\" href=\"https:\/\/astrolaegas.ee\/en\/teenused\/aasta-prognoos-konsultatsioon-kirjalik\/\">\n\t\t\t\t\t\t<span class=\"elementor-button-content-wrapper\">\n\t\t\t\t\t\t\t\t\t<span class=\"elementor-button-text\">Year Ahead Forecast (written)<\/span>\n\t\t\t\t\t<\/span>\n\t\t\t\t\t<\/a>\n\t\t\t\t<\/div>\n\t\t\t\t\t\t\t\t<\/div>\n\t\t\t\t<\/div>\n\t\t\t\t\t<\/div>\n\t\t<\/div>\n\t\t\t\t<div class=\"elementor-column elementor-col-66 elementor-top-column elementor-element elementor-element-54cdac02\" data-id=\"54cdac02\" data-element_type=\"column\" data-e-type=\"column\">\n\t\t\t<div class=\"elementor-widget-wrap elementor-element-populated\">\n\t\t\t\t\t\t<div class=\"elementor-element elementor-element-214cea1 elementor-widget elementor-widget-spacer\" data-id=\"214cea1\" data-element_type=\"widget\" data-e-type=\"widget\" data-widget_type=\"spacer.default\">\n\t\t\t\t<div class=\"elementor-widget-container\">\n\t\t\t\t\t\t\t<div class=\"elementor-spacer\">\n\t\t\t<div class=\"elementor-spacer-inner\"><\/div>\n\t\t<\/div>\n\t\t\t\t\t\t<\/div>\n\t\t\t\t<\/div>\n\t\t\t\t<div class=\"elementor-element elementor-element-230073d5 elementor-widget elementor-widget-image\" data-id=\"230073d5\" data-element_type=\"widget\" data-e-type=\"widget\" data-widget_type=\"image.default\">\n\t\t\t\t<div class=\"elementor-widget-container\">\n\t\t\t\t\t\t\t\t\t\t\t\t\t\t\t<img fetchpriority=\"high\" decoding=\"async\" width=\"1024\" height=\"555\" src=\"https:\/\/i0.wp.com\/www.astrolaegas.ee\/wp-content\/uploads\/2022\/06\/clock-g53c8d3d43_1280-e1655068350194.jpg?fit=1024%2C555&amp;ssl=1\" class=\"attachment-large size-large wp-image-851\" alt=\"\" srcset=\"https:\/\/i0.wp.com\/www.astrolaegas.ee\/wp-content\/uploads\/2022\/06\/clock-g53c8d3d43_1280-e1655068350194.jpg?w=1280&amp;ssl=1 1280w, https:\/\/i0.wp.com\/www.astrolaegas.ee\/wp-content\/uploads\/2022\/06\/clock-g53c8d3d43_1280-e1655068350194.jpg?resize=300%2C163&amp;ssl=1 300w, https:\/\/i0.wp.com\/www.astrolaegas.ee\/wp-content\/uploads\/2022\/06\/clock-g53c8d3d43_1280-e1655068350194.jpg?resize=1024%2C555&amp;ssl=1 1024w, https:\/\/i0.wp.com\/www.astrolaegas.ee\/wp-content\/uploads\/2022\/06\/clock-g53c8d3d43_1280-e1655068350194.jpg?resize=768%2C416&amp;ssl=1 768w\" sizes=\"(max-width: 1024px) 100vw, 1024px\" \/>\t\t\t\t\t\t\t\t\t\t\t\t\t\t\t<\/div>\n\t\t\t\t<\/div>\n\t\t\t\t<div class=\"elementor-element elementor-element-60c157fb elementor-widget elementor-widget-heading\" data-id=\"60c157fb\" data-element_type=\"widget\" data-e-type=\"widget\" data-widget_type=\"heading.default\">\n\t\t\t\t<div class=\"elementor-widget-container\">\n\t\t\t\t\t<h2 class=\"elementor-heading-title elementor-size-default\">Package 5x<\/h2>\t\t\t\t<\/div>\n\t\t\t\t<\/div>\n\t\t\t\t<div class=\"elementor-element elementor-element-7023df7d elementor-icon-list--layout-traditional elementor-list-item-link-full_width elementor-widget elementor-widget-icon-list\" data-id=\"7023df7d\" data-element_type=\"widget\" data-e-type=\"widget\" data-widget_type=\"icon-list.default\">\n\t\t\t\t<div class=\"elementor-widget-container\">\n\t\t\t\t\t\t\t<ul class=\"elementor-icon-list-items\">\n\t\t\t\t\t\t\t<li class=\"elementor-icon-list-item\">\n\t\t\t\t\t\t\t\t\t\t\t<span class=\"elementor-icon-list-icon\">\n\t\t\t\t\t\t\t<i aria-hidden=\"true\" class=\"fas fa-check\"><\/i>\t\t\t\t\t\t<\/span>\n\t\t\t\t\t\t\t\t\t\t<span class=\"elementor-icon-list-text\">Duration: 5 x 75 minutes<\/span>\n\t\t\t\t\t\t\t\t\t<\/li>\n\t\t\t\t\t\t\t\t<li class=\"elementor-icon-list-item\">\n\t\t\t\t\t\t\t\t\t\t\t<span class=\"elementor-icon-list-icon\">\n\t\t\t\t\t\t\t<i aria-hidden=\"true\" class=\"fas fa-check\"><\/i>\t\t\t\t\t\t<\/span>\n\t\t\t\t\t\t\t\t\t\t<span class=\"elementor-icon-list-text\">Hind: 360 \u20ac<\/span>\n\t\t\t\t\t\t\t\t\t<\/li>\n\t\t\t\t\t\t\t\t<li class=\"elementor-icon-list-item\">\n\t\t\t\t\t\t\t\t\t\t\t<span class=\"elementor-icon-list-icon\">\n\t\t\t\t\t\t\t<i aria-hidden=\"true\" class=\"fas fa-check\"><\/i>\t\t\t\t\t\t<\/span>\n\t\t\t\t\t\t\t\t\t\t<span class=\"elementor-icon-list-text\">Place: online<\/span>\n\t\t\t\t\t\t\t\t\t<\/li>\n\t\t\t\t\t\t\t\t<li class=\"elementor-icon-list-item\">\n\t\t\t\t\t\t\t\t\t\t\t<span class=\"elementor-icon-list-icon\">\n\t\t\t\t\t\t\t<i aria-hidden=\"true\" class=\"fas fa-check\"><\/i>\t\t\t\t\t\t<\/span>\n\t\t\t\t\t\t\t\t\t\t<span class=\"elementor-icon-list-text\">Language: Estonian or English<\/span>\n\t\t\t\t\t\t\t\t\t<\/li>\n\t\t\t\t\t\t<\/ul>\n\t\t\t\t\t\t<\/div>\n\t\t\t\t<\/div>\n\t\t\t\t<div class=\"elementor-element elementor-element-11745ac7 elementor-widget elementor-widget-text-editor\" data-id=\"11745ac7\" data-element_type=\"widget\" data-e-type=\"widget\" data-widget_type=\"text-editor.default\">\n\t\t\t\t<div class=\"elementor-widget-container\">\n\t\t\t\t\t\t\t\t\t<p>The Package 5x contains 5 different full-length consultations (75 min), which can be used for in-depth analysis of your birth chart or for more detailed forecasts. The topics discussed in the consultation will be specified prior to the consultation. To order a package, you only need to book the first session, next consultations will be booked through mutual agreement.<\/p><p>The consultations included in the package must be used <strong>within one year<\/strong> after the first consultation.<\/p>\t\t\t\t\t\t\t\t<\/div>\n\t\t\t\t<\/div>\n\t\t\t\t<div class=\"elementor-element elementor-element-1d5a6b34 elementor-widget elementor-widget-button\" data-id=\"1d5a6b34\" data-element_type=\"widget\" data-e-type=\"widget\" data-widget_type=\"button.default\">\n\t\t\t\t<div class=\"elementor-widget-container\">\n\t\t\t\t\t\t\t\t\t<div class=\"elementor-button-wrapper\">\n\t\t\t\t\t<a class=\"elementor-button elementor-button-link elementor-size-sm\" href=\"https:\/\/astrolaegas.ee\/en\/kontakt\/\">\n\t\t\t\t\t\t<span class=\"elementor-button-content-wrapper\">\n\t\t\t\t\t\t\t\t\t<span class=\"elementor-button-text\">BOOK AN APPOINTMENT<\/span>\n\t\t\t\t\t<\/span>\n\t\t\t\t\t<\/a>\n\t\t\t\t<\/div>\n\t\t\t\t\t\t\t\t<\/div>\n\t\t\t\t<\/div>\n\t\t\t\t\t<\/div>\n\t\t<\/div>\n\t\t\t\t\t<\/div>\n\t\t<\/section>\n\t\t\t\t<\/div>","protected":false},"excerpt":{"rendered":"<p>TEENUSED L\u00fchikonsultatsioon S\u00fcnnikaardi anal\u00fc\u00fcs Aasta prognoos Pakett 5x S\u00fcnnikaardi anal\u00fc\u00fcs (kirjalik) Aasta prognoos (kirjalik) Pakett 5x Kestus: 5 x 75 minutit Hind: 360 \u20ac Toimumiskoht: veebi teel Keel: eesti v\u00f5i inglise Pakett 5x sisaldab endas 5 erinevat t\u00e4ispikka konsultatsiooni (75 min \u00fcks seanss), mida on v\u00f5imalik kasutada enda s\u00fcnnikaardi s\u00fcvaanal\u00fc\u00fcsiks v\u00f5i detailsemateks prognoosideks. Konsultatsioonis k\u00e4sitletavad [&hellip;]<\/p>\n","protected":false},"author":1,"featured_media":0,"parent":775,"menu_order":0,"comment_status":"closed","ping_status":"closed","template":"","meta":{"_monsterinsights_skip_tracking":false,"_monsterinsights_sitenote_active":false,"_monsterinsights_sitenote_note":"","_monsterinsights_sitenote_category":0,"site-sidebar-layout":"no-sidebar","site-content-layout":"page-builder","ast-site-content-layout":"default","site-content-style":"default","site-sidebar-style":"default","ast-global-header-display":"","ast-banner-title-visibility":"","ast-main-header-display":"","ast-hfb-above-header-display":"","ast-hfb-below-header-display":"","ast-hfb-mobile-header-display":"","site-post-title":"disabled","ast-breadcrumbs-content":"","ast-featured-img":"disabled","footer-sml-layout":"","ast-disable-related-posts":"","theme-transparent-header-meta":"default","adv-header-id-meta":"","stick-header-meta":"","header-above-stick-meta":"","header-main-stick-meta":"","header-below-stick-meta":"","astra-migrate-meta-layouts":"default","ast-page-background-enabled":"default","ast-page-background-meta":{"desktop":{"background-color":"","background-image":"","background-repeat":"repeat","background-position":"center center","background-size":"auto","background-attachment":"scroll","background-type":"","background-media":"","overlay-type":"","overlay-color":"","overlay-opacity":"","overlay-gradient":""},"tablet":{"background-color":"","background-image":"","background-repeat":"repeat","background-position":"center center","background-size":"auto","background-attachment":"scroll","background-type":"","background-media":"","overlay-type":"","overlay-color":"","overlay-opacity":"","overlay-gradient":""},"mobile":{"background-color":"","background-image":"","background-repeat":"repeat","background-position":"center center","background-size":"auto","background-attachment":"scroll","background-type":"","background-media":"","overlay-type":"","overlay-color":"","overlay-opacity":"","overlay-gradient":""}},"ast-content-background-meta":{"desktop":{"background-color":"var(--ast-global-color-5)","background-image":"","background-repeat":"repeat","background-position":"center center","background-size":"auto","background-attachment":"scroll","background-type":"","background-media":"","overlay-type":"","overlay-color":"","overlay-opacity":"","overlay-gradient":""},"tablet":{"background-color":"var(--ast-global-color-5)","background-image":"","background-repeat":"repeat","background-position":"center center","background-size":"auto","background-attachment":"scroll","background-type":"","background-media":"","overlay-type":"","overlay-color":"","overlay-opacity":"","overlay-gradient":""},"mobile":{"background-color":"var(--ast-global-color-5)","background-image":"","background-repeat":"repeat","background-position":"center center","background-size":"auto","background-attachment":"scroll","background-type":"","background-media":"","overlay-type":"","overlay-color":"","overlay-opacity":"","overlay-gradient":""}},"footnotes":""},"class_list":["post-959","page","type-page","status-publish","hentry"],"yoast_head":"<!-- This site is optimized with the Yoast SEO plugin v27.3 - https:\/\/yoast.com\/product\/yoast-seo-wordpress\/ -->\n<title>Pakett 5x - Astrolaegas<\/title>\n<meta name=\"description\" content=\"Pakett 5x sisaldab endas 5 erinevat t\u00e4ispikka konsultatsiooni (75 min \u00fcks seanss), mida on v\u00f5imalik kasutada enda s\u00fcnnikaardi s\u00fcvaanal\u00fc\u00fcsiks v\u00f5i detailsemateks prognoosideks. Konsultatsioonis k\u00e4sitletavad teemad t\u00e4psustatakse kokkuleppeliselt.\" \/>\n<meta name=\"robots\" content=\"index, follow, max-snippet:-1, max-image-preview:large, max-video-preview:-1\" \/>\n<link rel=\"canonical\" href=\"https:\/\/astrolaegas.ee\/en\/teenused\/pakett-5x\/\" \/>\n<meta property=\"og:locale\" content=\"en_GB\" \/>\n<meta property=\"og:type\" content=\"article\" \/>\n<meta property=\"og:title\" content=\"Pakett 5x - Astrolaegas\" \/>\n<meta property=\"og:description\" content=\"Pakett 5x sisaldab endas 5 erinevat t\u00e4ispikka konsultatsiooni (75 min \u00fcks seanss), mida on v\u00f5imalik kasutada enda s\u00fcnnikaardi s\u00fcvaanal\u00fc\u00fcsiks v\u00f5i detailsemateks prognoosideks. Konsultatsioonis k\u00e4sitletavad teemad t\u00e4psustatakse kokkuleppeliselt.\" \/>\n<meta property=\"og:url\" content=\"https:\/\/astrolaegas.ee\/en\/teenused\/pakett-5x\/\" \/>\n<meta property=\"og:site_name\" content=\"Astrolaegas\" \/>\n<meta property=\"article:modified_time\" content=\"2025-05-08T06:41:18+00:00\" \/>\n<meta property=\"og:image\" content=\"https:\/\/astrolaegas.ee\/wp-content\/uploads\/2022\/06\/clock-g53c8d3d43_1280-e1655068350194-1024x555.jpg\" \/>\n<meta name=\"twitter:card\" content=\"summary_large_image\" \/>\n<meta name=\"twitter:label1\" content=\"Estimated reading time\" \/>\n\t<meta name=\"twitter:data1\" content=\"1 minute\" \/>\n<script type=\"application\/ld+json\" class=\"yoast-schema-graph\">{\"@context\":\"https:\\\/\\\/schema.org\",\"@graph\":[{\"@type\":\"WebPage\",\"@id\":\"https:\\\/\\\/astrolaegas.ee\\\/en\\\/teenused\\\/pakett-5x\\\/\",\"url\":\"https:\\\/\\\/astrolaegas.ee\\\/en\\\/teenused\\\/pakett-5x\\\/\",\"name\":\"Pakett 5x - Astrolaegas\",\"isPartOf\":{\"@id\":\"https:\\\/\\\/astrolaegas.ee\\\/#website\"},\"primaryImageOfPage\":{\"@id\":\"https:\\\/\\\/astrolaegas.ee\\\/en\\\/teenused\\\/pakett-5x\\\/#primaryimage\"},\"image\":{\"@id\":\"https:\\\/\\\/astrolaegas.ee\\\/en\\\/teenused\\\/pakett-5x\\\/#primaryimage\"},\"thumbnailUrl\":\"https:\\\/\\\/astrolaegas.ee\\\/wp-content\\\/uploads\\\/2022\\\/06\\\/clock-g53c8d3d43_1280-e1655068350194-1024x555.jpg\",\"datePublished\":\"2022-06-15T21:43:52+00:00\",\"dateModified\":\"2025-05-08T06:41:18+00:00\",\"description\":\"Pakett 5x sisaldab endas 5 erinevat t\u00e4ispikka konsultatsiooni (75 min \u00fcks seanss), mida on v\u00f5imalik kasutada enda s\u00fcnnikaardi s\u00fcvaanal\u00fc\u00fcsiks v\u00f5i detailsemateks prognoosideks. Konsultatsioonis k\u00e4sitletavad teemad t\u00e4psustatakse kokkuleppeliselt.\",\"breadcrumb\":{\"@id\":\"https:\\\/\\\/astrolaegas.ee\\\/en\\\/teenused\\\/pakett-5x\\\/#breadcrumb\"},\"inLanguage\":\"en-GB\",\"potentialAction\":[{\"@type\":\"ReadAction\",\"target\":[\"https:\\\/\\\/astrolaegas.ee\\\/en\\\/teenused\\\/pakett-5x\\\/\"]}]},{\"@type\":\"ImageObject\",\"inLanguage\":\"en-GB\",\"@id\":\"https:\\\/\\\/astrolaegas.ee\\\/en\\\/teenused\\\/pakett-5x\\\/#primaryimage\",\"url\":\"https:\\\/\\\/astrolaegas.ee\\\/wp-content\\\/uploads\\\/2022\\\/06\\\/clock-g53c8d3d43_1280-e1655068350194-1024x555.jpg\",\"contentUrl\":\"https:\\\/\\\/astrolaegas.ee\\\/wp-content\\\/uploads\\\/2022\\\/06\\\/clock-g53c8d3d43_1280-e1655068350194-1024x555.jpg\"},{\"@type\":\"BreadcrumbList\",\"@id\":\"https:\\\/\\\/astrolaegas.ee\\\/en\\\/teenused\\\/pakett-5x\\\/#breadcrumb\",\"itemListElement\":[{\"@type\":\"ListItem\",\"position\":1,\"name\":\"Avaleht\",\"item\":\"https:\\\/\\\/astrolaegas.ee\\\/\"},{\"@type\":\"ListItem\",\"position\":2,\"name\":\"Teenused\",\"item\":\"https:\\\/\\\/astrolaegas.ee\\\/teenused\\\/\"},{\"@type\":\"ListItem\",\"position\":3,\"name\":\"Pakett 5x\"}]},{\"@type\":\"WebSite\",\"@id\":\"https:\\\/\\\/astrolaegas.ee\\\/#website\",\"url\":\"https:\\\/\\\/astrolaegas.ee\\\/\",\"name\":\"Astrolaegas\",\"description\":\"\",\"publisher\":{\"@id\":\"https:\\\/\\\/astrolaegas.ee\\\/#organization\"},\"potentialAction\":[{\"@type\":\"SearchAction\",\"target\":{\"@type\":\"EntryPoint\",\"urlTemplate\":\"https:\\\/\\\/astrolaegas.ee\\\/?s={search_term_string}\"},\"query-input\":{\"@type\":\"PropertyValueSpecification\",\"valueRequired\":true,\"valueName\":\"search_term_string\"}}],\"inLanguage\":\"en-GB\"},{\"@type\":\"Organization\",\"@id\":\"https:\\\/\\\/astrolaegas.ee\\\/#organization\",\"name\":\"Astrolaegas\",\"url\":\"https:\\\/\\\/astrolaegas.ee\\\/\",\"logo\":{\"@type\":\"ImageObject\",\"inLanguage\":\"en-GB\",\"@id\":\"https:\\\/\\\/astrolaegas.ee\\\/#\\\/schema\\\/logo\\\/image\\\/\",\"url\":\"https:\\\/\\\/i0.wp.com\\\/astrolaegas.ee\\\/wp-content\\\/uploads\\\/2022\\\/06\\\/full-moon-logo.png?fit=500%2C500&ssl=1\",\"contentUrl\":\"https:\\\/\\\/i0.wp.com\\\/astrolaegas.ee\\\/wp-content\\\/uploads\\\/2022\\\/06\\\/full-moon-logo.png?fit=500%2C500&ssl=1\",\"width\":500,\"height\":500,\"caption\":\"Astrolaegas\"},\"image\":{\"@id\":\"https:\\\/\\\/astrolaegas.ee\\\/#\\\/schema\\\/logo\\\/image\\\/\"}}]}<\/script>\n<!-- \/ Yoast SEO plugin. -->","yoast_head_json":{"title":"Pakett 5x - Astrolaegas","description":"Pakett 5x sisaldab endas 5 erinevat t\u00e4ispikka konsultatsiooni (75 min \u00fcks seanss), mida on v\u00f5imalik kasutada enda s\u00fcnnikaardi s\u00fcvaanal\u00fc\u00fcsiks v\u00f5i detailsemateks prognoosideks. Konsultatsioonis k\u00e4sitletavad teemad t\u00e4psustatakse kokkuleppeliselt.","robots":{"index":"index","follow":"follow","max-snippet":"max-snippet:-1","max-image-preview":"max-image-preview:large","max-video-preview":"max-video-preview:-1"},"canonical":"https:\/\/astrolaegas.ee\/en\/teenused\/pakett-5x\/","og_locale":"en_GB","og_type":"article","og_title":"Pakett 5x - Astrolaegas","og_description":"Pakett 5x sisaldab endas 5 erinevat t\u00e4ispikka konsultatsiooni (75 min \u00fcks seanss), mida on v\u00f5imalik kasutada enda s\u00fcnnikaardi s\u00fcvaanal\u00fc\u00fcsiks v\u00f5i detailsemateks prognoosideks. Konsultatsioonis k\u00e4sitletavad teemad t\u00e4psustatakse kokkuleppeliselt.","og_url":"https:\/\/astrolaegas.ee\/en\/teenused\/pakett-5x\/","og_site_name":"Astrolaegas","article_modified_time":"2025-05-08T06:41:18+00:00","og_image":[{"url":"https:\/\/astrolaegas.ee\/wp-content\/uploads\/2022\/06\/clock-g53c8d3d43_1280-e1655068350194-1024x555.jpg","type":"","width":"","height":""}],"twitter_card":"summary_large_image","twitter_misc":{"Estimated reading time":"1 minute"},"schema":{"@context":"https:\/\/schema.org","@graph":[{"@type":"WebPage","@id":"https:\/\/astrolaegas.ee\/en\/teenused\/pakett-5x\/","url":"https:\/\/astrolaegas.ee\/en\/teenused\/pakett-5x\/","name":"Pakett 5x - Astrolaegas","isPartOf":{"@id":"https:\/\/astrolaegas.ee\/#website"},"primaryImageOfPage":{"@id":"https:\/\/astrolaegas.ee\/en\/teenused\/pakett-5x\/#primaryimage"},"image":{"@id":"https:\/\/astrolaegas.ee\/en\/teenused\/pakett-5x\/#primaryimage"},"thumbnailUrl":"https:\/\/astrolaegas.ee\/wp-content\/uploads\/2022\/06\/clock-g53c8d3d43_1280-e1655068350194-1024x555.jpg","datePublished":"2022-06-15T21:43:52+00:00","dateModified":"2025-05-08T06:41:18+00:00","description":"Pakett 5x sisaldab endas 5 erinevat t\u00e4ispikka konsultatsiooni (75 min \u00fcks seanss), mida on v\u00f5imalik kasutada enda s\u00fcnnikaardi s\u00fcvaanal\u00fc\u00fcsiks v\u00f5i detailsemateks prognoosideks. Konsultatsioonis k\u00e4sitletavad teemad t\u00e4psustatakse kokkuleppeliselt.","breadcrumb":{"@id":"https:\/\/astrolaegas.ee\/en\/teenused\/pakett-5x\/#breadcrumb"},"inLanguage":"en-GB","potentialAction":[{"@type":"ReadAction","target":["https:\/\/astrolaegas.ee\/en\/teenused\/pakett-5x\/"]}]},{"@type":"ImageObject","inLanguage":"en-GB","@id":"https:\/\/astrolaegas.ee\/en\/teenused\/pakett-5x\/#primaryimage","url":"https:\/\/astrolaegas.ee\/wp-content\/uploads\/2022\/06\/clock-g53c8d3d43_1280-e1655068350194-1024x555.jpg","contentUrl":"https:\/\/astrolaegas.ee\/wp-content\/uploads\/2022\/06\/clock-g53c8d3d43_1280-e1655068350194-1024x555.jpg"},{"@type":"BreadcrumbList","@id":"https:\/\/astrolaegas.ee\/en\/teenused\/pakett-5x\/#breadcrumb","itemListElement":[{"@type":"ListItem","position":1,"name":"Avaleht","item":"https:\/\/astrolaegas.ee\/"},{"@type":"ListItem","position":2,"name":"Teenused","item":"https:\/\/astrolaegas.ee\/teenused\/"},{"@type":"ListItem","position":3,"name":"Pakett 5x"}]},{"@type":"WebSite","@id":"https:\/\/astrolaegas.ee\/#website","url":"https:\/\/astrolaegas.ee\/","name":"Astrolaegas","description":"","publisher":{"@id":"https:\/\/astrolaegas.ee\/#organization"},"potentialAction":[{"@type":"SearchAction","target":{"@type":"EntryPoint","urlTemplate":"https:\/\/astrolaegas.ee\/?s={search_term_string}"},"query-input":{"@type":"PropertyValueSpecification","valueRequired":true,"valueName":"search_term_string"}}],"inLanguage":"en-GB"},{"@type":"Organization","@id":"https:\/\/astrolaegas.ee\/#organization","name":"Astrolaegas","url":"https:\/\/astrolaegas.ee\/","logo":{"@type":"ImageObject","inLanguage":"en-GB","@id":"https:\/\/astrolaegas.ee\/#\/schema\/logo\/image\/","url":"https:\/\/i0.wp.com\/astrolaegas.ee\/wp-content\/uploads\/2022\/06\/full-moon-logo.png?fit=500%2C500&ssl=1","contentUrl":"https:\/\/i0.wp.com\/astrolaegas.ee\/wp-content\/uploads\/2022\/06\/full-moon-logo.png?fit=500%2C500&ssl=1","width":500,"height":500,"caption":"Astrolaegas"},"image":{"@id":"https:\/\/astrolaegas.ee\/#\/schema\/logo\/image\/"}}]}},"jetpack_sharing_enabled":true,"_links":{"self":[{"href":"https:\/\/astrolaegas.ee\/en\/wp-json\/wp\/v2\/pages\/959","targetHints":{"allow":["GET"]}}],"collection":[{"href":"https:\/\/astrolaegas.ee\/en\/wp-json\/wp\/v2\/pages"}],"about":[{"href":"https:\/\/astrolaegas.ee\/en\/wp-json\/wp\/v2\/types\/page"}],"author":[{"embeddable":true,"href":"https:\/\/astrolaegas.ee\/en\/wp-json\/wp\/v2\/users\/1"}],"replies":[{"embeddable":true,"href":"https:\/\/astrolaegas.ee\/en\/wp-json\/wp\/v2\/comments?post=959"}],"version-history":[{"count":5,"href":"https:\/\/astrolaegas.ee\/en\/wp-json\/wp\/v2\/pages\/959\/revisions"}],"predecessor-version":[{"id":3496,"href":"https:\/\/astrolaegas.ee\/en\/wp-json\/wp\/v2\/pages\/959\/revisions\/3496"}],"up":[{"embeddable":true,"href":"https:\/\/astrolaegas.ee\/en\/wp-json\/wp\/v2\/pages\/775"}],"wp:attachment":[{"href":"https:\/\/astrolaegas.ee\/en\/wp-json\/wp\/v2\/media?parent=959"}],"curies":[{"name":"wp","href":"https:\/\/api.w.org\/{rel}","templated":true}]}}