{"id":937,"date":"2022-06-16T00:29:39","date_gmt":"2022-06-15T21:29:39","guid":{"rendered":"https:\/\/astrolaegas.ee\/?page_id=937"},"modified":"2025-05-08T08:43:18","modified_gmt":"2025-05-08T06:43:18","slug":"luhikonsultatsioon","status":"publish","type":"page","link":"https:\/\/astrolaegas.ee\/en\/teenused\/luhikonsultatsioon\/","title":{"rendered":"Short Consultation"},"content":{"rendered":"<div data-elementor-type=\"wp-page\" data-elementor-id=\"937\" class=\"elementor elementor-937\">\n\t\t\t\t\t\t<section class=\"elementor-section elementor-top-section elementor-element elementor-element-378d053 elementor-section-boxed elementor-section-height-default elementor-section-height-default\" data-id=\"378d053\" data-element_type=\"section\" data-e-type=\"section\" data-settings=\"{&quot;background_background&quot;:&quot;classic&quot;}\">\n\t\t\t\t\t\t<div class=\"elementor-container elementor-column-gap-default\">\n\t\t\t\t\t<div class=\"elementor-column elementor-col-33 elementor-top-column elementor-element elementor-element-e251a1a\" data-id=\"e251a1a\" data-element_type=\"column\" data-e-type=\"column\">\n\t\t\t<div class=\"elementor-widget-wrap elementor-element-populated\">\n\t\t\t\t\t\t<div class=\"elementor-element elementor-element-a586756 elementor-widget elementor-widget-spacer\" data-id=\"a586756\" data-element_type=\"widget\" data-e-type=\"widget\" data-widget_type=\"spacer.default\">\n\t\t\t\t<div class=\"elementor-widget-container\">\n\t\t\t\t\t\t\t<div class=\"elementor-spacer\">\n\t\t\t<div class=\"elementor-spacer-inner\"><\/div>\n\t\t<\/div>\n\t\t\t\t\t\t<\/div>\n\t\t\t\t<\/div>\n\t\t\t\t<div class=\"elementor-element elementor-element-5f464c2 elementor-widget elementor-widget-heading\" data-id=\"5f464c2\" data-element_type=\"widget\" data-e-type=\"widget\" data-widget_type=\"heading.default\">\n\t\t\t\t<div class=\"elementor-widget-container\">\n\t\t\t\t\t<h3 class=\"elementor-heading-title elementor-size-default\">CONSULTATIONS<\/h3>\t\t\t\t<\/div>\n\t\t\t\t<\/div>\n\t\t\t\t<div class=\"elementor-element elementor-element-4335651 elementor-widget elementor-widget-button\" data-id=\"4335651\" data-element_type=\"widget\" data-e-type=\"widget\" data-widget_type=\"button.default\">\n\t\t\t\t<div class=\"elementor-widget-container\">\n\t\t\t\t\t\t\t\t\t<div class=\"elementor-button-wrapper\">\n\t\t\t\t\t<a class=\"elementor-button elementor-button-link elementor-size-sm\" href=\"http:\/\/astrolaegas.ee\/en\/luhikonsultatsioon\/\">\n\t\t\t\t\t\t<span class=\"elementor-button-content-wrapper\">\n\t\t\t\t\t\t\t\t\t<span class=\"elementor-button-text\">Short Consultation<\/span>\n\t\t\t\t\t<\/span>\n\t\t\t\t\t<\/a>\n\t\t\t\t<\/div>\n\t\t\t\t\t\t\t\t<\/div>\n\t\t\t\t<\/div>\n\t\t\t\t<div class=\"elementor-element elementor-element-0b0c577 elementor-widget elementor-widget-button\" data-id=\"0b0c577\" data-element_type=\"widget\" data-e-type=\"widget\" data-widget_type=\"button.default\">\n\t\t\t\t<div class=\"elementor-widget-container\">\n\t\t\t\t\t\t\t\t\t<div class=\"elementor-button-wrapper\">\n\t\t\t\t\t<a class=\"elementor-button elementor-button-link elementor-size-sm\" href=\"http:\/\/astrolaegas.ee\/en\/sunnikaardi-analuus\/\">\n\t\t\t\t\t\t<span class=\"elementor-button-content-wrapper\">\n\t\t\t\t\t\t\t\t\t<span class=\"elementor-button-text\">Natal Chart Interpretation<\/span>\n\t\t\t\t\t<\/span>\n\t\t\t\t\t<\/a>\n\t\t\t\t<\/div>\n\t\t\t\t\t\t\t\t<\/div>\n\t\t\t\t<\/div>\n\t\t\t\t<div class=\"elementor-element elementor-element-ad0aee0 elementor-widget elementor-widget-button\" data-id=\"ad0aee0\" data-element_type=\"widget\" data-e-type=\"widget\" data-widget_type=\"button.default\">\n\t\t\t\t<div class=\"elementor-widget-container\">\n\t\t\t\t\t\t\t\t\t<div class=\"elementor-button-wrapper\">\n\t\t\t\t\t<a class=\"elementor-button elementor-button-link elementor-size-sm\" href=\"http:\/\/astrolaegas.ee\/en\/aasta-prognoos-konsultatsioon\/\">\n\t\t\t\t\t\t<span class=\"elementor-button-content-wrapper\">\n\t\t\t\t\t\t\t\t\t<span class=\"elementor-button-text\">Year Ahead Forecast<\/span>\n\t\t\t\t\t<\/span>\n\t\t\t\t\t<\/a>\n\t\t\t\t<\/div>\n\t\t\t\t\t\t\t\t<\/div>\n\t\t\t\t<\/div>\n\t\t\t\t<div class=\"elementor-element elementor-element-e84a747 elementor-widget elementor-widget-button\" data-id=\"e84a747\" data-element_type=\"widget\" data-e-type=\"widget\" data-widget_type=\"button.default\">\n\t\t\t\t<div class=\"elementor-widget-container\">\n\t\t\t\t\t\t\t\t\t<div class=\"elementor-button-wrapper\">\n\t\t\t\t\t<a class=\"elementor-button elementor-button-link elementor-size-sm\" href=\"https:\/\/astrolaegas.ee\/en\/teenused\/pakett-5x\/\">\n\t\t\t\t\t\t<span class=\"elementor-button-content-wrapper\">\n\t\t\t\t\t\t\t\t\t<span class=\"elementor-button-text\">Package 5x<\/span>\n\t\t\t\t\t<\/span>\n\t\t\t\t\t<\/a>\n\t\t\t\t<\/div>\n\t\t\t\t\t\t\t\t<\/div>\n\t\t\t\t<\/div>\n\t\t\t\t<div class=\"elementor-element elementor-element-a39e2d5 elementor-widget elementor-widget-button\" data-id=\"a39e2d5\" data-element_type=\"widget\" data-e-type=\"widget\" data-widget_type=\"button.default\">\n\t\t\t\t<div class=\"elementor-widget-container\">\n\t\t\t\t\t\t\t\t\t<div class=\"elementor-button-wrapper\">\n\t\t\t\t\t<a class=\"elementor-button elementor-button-link elementor-size-sm\" href=\"https:\/\/astrolaegas.ee\/en\/teenused\/sunnikaardi-analuus-kirjalik\/\">\n\t\t\t\t\t\t<span class=\"elementor-button-content-wrapper\">\n\t\t\t\t\t\t\t\t\t<span class=\"elementor-button-text\">Natal Chart Interpretation (written)<\/span>\n\t\t\t\t\t<\/span>\n\t\t\t\t\t<\/a>\n\t\t\t\t<\/div>\n\t\t\t\t\t\t\t\t<\/div>\n\t\t\t\t<\/div>\n\t\t\t\t<div class=\"elementor-element elementor-element-e11a184 elementor-widget elementor-widget-button\" data-id=\"e11a184\" data-element_type=\"widget\" data-e-type=\"widget\" data-widget_type=\"button.default\">\n\t\t\t\t<div class=\"elementor-widget-container\">\n\t\t\t\t\t\t\t\t\t<div class=\"elementor-button-wrapper\">\n\t\t\t\t\t<a class=\"elementor-button elementor-button-link elementor-size-sm\" href=\"https:\/\/astrolaegas.ee\/en\/teenused\/aasta-prognoos-konsultatsioon-kirjalik\/\">\n\t\t\t\t\t\t<span class=\"elementor-button-content-wrapper\">\n\t\t\t\t\t\t\t\t\t<span class=\"elementor-button-text\">Year Ahead Forecast (written)<\/span>\n\t\t\t\t\t<\/span>\n\t\t\t\t\t<\/a>\n\t\t\t\t<\/div>\n\t\t\t\t\t\t\t\t<\/div>\n\t\t\t\t<\/div>\n\t\t\t\t\t<\/div>\n\t\t<\/div>\n\t\t\t\t<div class=\"elementor-column elementor-col-66 elementor-top-column elementor-element elementor-element-c1b5c02\" data-id=\"c1b5c02\" data-element_type=\"column\" data-e-type=\"column\">\n\t\t\t<div class=\"elementor-widget-wrap elementor-element-populated\">\n\t\t\t\t\t\t<div class=\"elementor-element elementor-element-e1de2f1 elementor-widget elementor-widget-spacer\" data-id=\"e1de2f1\" data-element_type=\"widget\" data-e-type=\"widget\" data-widget_type=\"spacer.default\">\n\t\t\t\t<div class=\"elementor-widget-container\">\n\t\t\t\t\t\t\t<div class=\"elementor-spacer\">\n\t\t\t<div class=\"elementor-spacer-inner\"><\/div>\n\t\t<\/div>\n\t\t\t\t\t\t<\/div>\n\t\t\t\t<\/div>\n\t\t\t\t<div class=\"elementor-element elementor-element-5817845 elementor-widget elementor-widget-image\" data-id=\"5817845\" data-element_type=\"widget\" data-e-type=\"widget\" data-widget_type=\"image.default\">\n\t\t\t\t<div class=\"elementor-widget-container\">\n\t\t\t\t\t\t\t\t\t\t\t\t\t\t\t<img fetchpriority=\"high\" decoding=\"async\" width=\"1024\" height=\"558\" src=\"https:\/\/i0.wp.com\/astrolaegas.ee\/wp-content\/uploads\/2022\/06\/woman-g1ef48e496_1280_greyscale-e1655368526998.jpg?fit=1024%2C558&amp;ssl=1\" class=\"attachment-large size-large wp-image-856\" alt=\"astroloogiline n\u00f5ustamine\" srcset=\"https:\/\/i0.wp.com\/astrolaegas.ee\/wp-content\/uploads\/2022\/06\/woman-g1ef48e496_1280_greyscale-e1655368526998.jpg?w=1280&amp;ssl=1 1280w, https:\/\/i0.wp.com\/astrolaegas.ee\/wp-content\/uploads\/2022\/06\/woman-g1ef48e496_1280_greyscale-e1655368526998.jpg?resize=300%2C163&amp;ssl=1 300w, https:\/\/i0.wp.com\/astrolaegas.ee\/wp-content\/uploads\/2022\/06\/woman-g1ef48e496_1280_greyscale-e1655368526998.jpg?resize=1024%2C558&amp;ssl=1 1024w, https:\/\/i0.wp.com\/astrolaegas.ee\/wp-content\/uploads\/2022\/06\/woman-g1ef48e496_1280_greyscale-e1655368526998.jpg?resize=768%2C418&amp;ssl=1 768w\" sizes=\"(max-width: 1024px) 100vw, 1024px\" \/>\t\t\t\t\t\t\t\t\t\t\t\t\t\t\t<\/div>\n\t\t\t\t<\/div>\n\t\t\t\t<div class=\"elementor-element elementor-element-7e6bbf5 elementor-widget elementor-widget-heading\" data-id=\"7e6bbf5\" data-element_type=\"widget\" data-e-type=\"widget\" data-widget_type=\"heading.default\">\n\t\t\t\t<div class=\"elementor-widget-container\">\n\t\t\t\t\t<h2 class=\"elementor-heading-title elementor-size-default\">Short Consultation<\/h2>\t\t\t\t<\/div>\n\t\t\t\t<\/div>\n\t\t\t\t<div class=\"elementor-element elementor-element-4864875 elementor-icon-list--layout-traditional elementor-list-item-link-full_width elementor-widget elementor-widget-icon-list\" data-id=\"4864875\" data-element_type=\"widget\" data-e-type=\"widget\" data-widget_type=\"icon-list.default\">\n\t\t\t\t<div class=\"elementor-widget-container\">\n\t\t\t\t\t\t\t<ul class=\"elementor-icon-list-items\">\n\t\t\t\t\t\t\t<li class=\"elementor-icon-list-item\">\n\t\t\t\t\t\t\t\t\t\t\t<span class=\"elementor-icon-list-icon\">\n\t\t\t\t\t\t\t<i aria-hidden=\"true\" class=\"fas fa-check\"><\/i>\t\t\t\t\t\t<\/span>\n\t\t\t\t\t\t\t\t\t\t<span class=\"elementor-icon-list-text\">Duration: 30 minutes<\/span>\n\t\t\t\t\t\t\t\t\t<\/li>\n\t\t\t\t\t\t\t\t<li class=\"elementor-icon-list-item\">\n\t\t\t\t\t\t\t\t\t\t\t<span class=\"elementor-icon-list-icon\">\n\t\t\t\t\t\t\t<i aria-hidden=\"true\" class=\"fas fa-check\"><\/i>\t\t\t\t\t\t<\/span>\n\t\t\t\t\t\t\t\t\t\t<span class=\"elementor-icon-list-text\">Price: 45 \u20ac<\/span>\n\t\t\t\t\t\t\t\t\t<\/li>\n\t\t\t\t\t\t\t\t<li class=\"elementor-icon-list-item\">\n\t\t\t\t\t\t\t\t\t\t\t<span class=\"elementor-icon-list-icon\">\n\t\t\t\t\t\t\t<i aria-hidden=\"true\" class=\"fas fa-check\"><\/i>\t\t\t\t\t\t<\/span>\n\t\t\t\t\t\t\t\t\t\t<span class=\"elementor-icon-list-text\">Place: online<\/span>\n\t\t\t\t\t\t\t\t\t<\/li>\n\t\t\t\t\t\t\t\t<li class=\"elementor-icon-list-item\">\n\t\t\t\t\t\t\t\t\t\t\t<span class=\"elementor-icon-list-icon\">\n\t\t\t\t\t\t\t<i aria-hidden=\"true\" class=\"fas fa-check\"><\/i>\t\t\t\t\t\t<\/span>\n\t\t\t\t\t\t\t\t\t\t<span class=\"elementor-icon-list-text\">Language: Estonian or English<\/span>\n\t\t\t\t\t\t\t\t\t<\/li>\n\t\t\t\t\t\t<\/ul>\n\t\t\t\t\t\t<\/div>\n\t\t\t\t<\/div>\n\t\t\t\t<div class=\"elementor-element elementor-element-d9de32e elementor-widget elementor-widget-text-editor\" data-id=\"d9de32e\" data-element_type=\"widget\" data-e-type=\"widget\" data-widget_type=\"text-editor.default\">\n\t\t\t\t<div class=\"elementor-widget-container\">\n\t\t\t\t\t\t\t\t\t<p>A short consultation can be used for an initial brief acquaintance with the birth chart, to find answers for extra questions after the natal chart interpretation, or for a deeper analysis of a specific topic.<\/p>\n<p>For an initial brief acquaintance with the birth chart, we will focus on the basic structures of the chart:<\/p>\n<ul>\n<li>s\u00fcnnikaardi nurgad &#8211; astsendent (Asc) ja kesktaevas (MC)<\/li>\n<li>illuminating celestial bodies (the Sun &amp; the Moon)<\/li>\n<li>complemented by the nuances of the planets, signs, houses, and aspects, which are related to the previous two points<\/li>\n<\/ul>\n<p style=\"font-size: 16px; font-style: normal; font-weight: 400;\">A short consultation can also be used for a deeper analysis of a specific topic. A selection of topics can be the following:<\/p>\n<ul>\n<li><span style=\"font-style: inherit; font-weight: inherit;\">career<\/span><\/li>\n<li>romantic relationships<\/li>\n<li>family relationships<\/li>\n<li>children<\/li>\n<li>health<\/li>\n<li>money and finances<\/li>\n<li>life purpose<\/li>\n<\/ul>\n<p>The consultation will be recorded and the recording will be sent to you within a few hours after the end of the session via email with a download link.<\/p>\n<div><i>Just in case, you can also watch from&nbsp;<\/i><a href=\"https:\/\/astrolaegas.ee\/en\/korduma-kippuvad-kusimused\/\" target=\"_blank\" rel=\"noopener\">here<\/a><i>, how consultations take place and what are the payment and cancellation conditions.<\/i><\/div>\t\t\t\t\t\t\t\t<\/div>\n\t\t\t\t<\/div>\n\t\t\t\t<div class=\"elementor-element elementor-element-a0a9e83 elementor-widget elementor-widget-button\" data-id=\"a0a9e83\" data-element_type=\"widget\" data-e-type=\"widget\" data-widget_type=\"button.default\">\n\t\t\t\t<div class=\"elementor-widget-container\">\n\t\t\t\t\t\t\t\t\t<div class=\"elementor-button-wrapper\">\n\t\t\t\t\t<a class=\"elementor-button elementor-button-link elementor-size-sm\" href=\"https:\/\/astrolaegas.ee\/en\/kontakt\/\">\n\t\t\t\t\t\t<span class=\"elementor-button-content-wrapper\">\n\t\t\t\t\t\t\t\t\t<span class=\"elementor-button-text\">BOOK AN APPOINTMENT<\/span>\n\t\t\t\t\t<\/span>\n\t\t\t\t\t<\/a>\n\t\t\t\t<\/div>\n\t\t\t\t\t\t\t\t<\/div>\n\t\t\t\t<\/div>\n\t\t\t\t\t<\/div>\n\t\t<\/div>\n\t\t\t\t\t<\/div>\n\t\t<\/section>\n\t\t\t\t<\/div>","protected":false},"excerpt":{"rendered":"<p>TEENUSED L\u00fchikonsultatsioon S\u00fcnnikaardi anal\u00fc\u00fcs Aasta prognoos Pakett 5x S\u00fcnnikaardi anal\u00fc\u00fcs (kirjalik) Aasta prognoos (kirjalik) L\u00fchikonsultatsioon Kestus: 30 minutit Hind: 45 \u20ac Toimumiskoht: veebi teel Keel: eesti v\u00f5i inglise L\u00fchikonsultatsiooni v\u00f5ib kasutada nii s\u00fcnnikaardiga esmaseks l\u00fchikeseks tutvumiseks, s\u00fcnnikaardi anal\u00fc\u00fcsi j\u00e4rgseks lisak\u00fcsimustele vastamiseks v\u00f5i \u00fche kindla teema s\u00fcgavamaks anal\u00fc\u00fcsiks. Esmase l\u00fchikese tutvumise korral keskendume s\u00fcnnikaardi p\u00f5histruktuuridele: s\u00fcnnikaardi [&hellip;]<\/p>\n","protected":false},"author":1,"featured_media":0,"parent":775,"menu_order":0,"comment_status":"closed","ping_status":"closed","template":"","meta":{"_monsterinsights_skip_tracking":false,"_monsterinsights_sitenote_active":false,"_monsterinsights_sitenote_note":"","_monsterinsights_sitenote_category":0,"site-sidebar-layout":"no-sidebar","site-content-layout":"page-builder","ast-site-content-layout":"full-width-container","site-content-style":"unboxed","site-sidebar-style":"unboxed","ast-global-header-display":"","ast-banner-title-visibility":"","ast-main-header-display":"","ast-hfb-above-header-display":"","ast-hfb-below-header-display":"","ast-hfb-mobile-header-display":"","site-post-title":"disabled","ast-breadcrumbs-content":"","ast-featured-img":"disabled","footer-sml-layout":"","ast-disable-related-posts":"","theme-transparent-header-meta":"default","adv-header-id-meta":"","stick-header-meta":"","header-above-stick-meta":"","header-main-stick-meta":"","header-below-stick-meta":"","astra-migrate-meta-layouts":"set","ast-page-background-enabled":"default","ast-page-background-meta":{"desktop":{"background-color":"","background-image":"","background-repeat":"repeat","background-position":"center center","background-size":"auto","background-attachment":"scroll","background-type":"","background-media":"","overlay-type":"","overlay-color":"","overlay-opacity":"","overlay-gradient":""},"tablet":{"background-color":"","background-image":"","background-repeat":"repeat","background-position":"center center","background-size":"auto","background-attachment":"scroll","background-type":"","background-media":"","overlay-type":"","overlay-color":"","overlay-opacity":"","overlay-gradient":""},"mobile":{"background-color":"","background-image":"","background-repeat":"repeat","background-position":"center center","background-size":"auto","background-attachment":"scroll","background-type":"","background-media":"","overlay-type":"","overlay-color":"","overlay-opacity":"","overlay-gradient":""}},"ast-content-background-meta":{"desktop":{"background-color":"var(--ast-global-color-5)","background-image":"","background-repeat":"repeat","background-position":"center center","background-size":"auto","background-attachment":"scroll","background-type":"","background-media":"","overlay-type":"","overlay-color":"","overlay-opacity":"","overlay-gradient":""},"tablet":{"background-color":"var(--ast-global-color-5)","background-image":"","background-repeat":"repeat","background-position":"center center","background-size":"auto","background-attachment":"scroll","background-type":"","background-media":"","overlay-type":"","overlay-color":"","overlay-opacity":"","overlay-gradient":""},"mobile":{"background-color":"var(--ast-global-color-5)","background-image":"","background-repeat":"repeat","background-position":"center center","background-size":"auto","background-attachment":"scroll","background-type":"","background-media":"","overlay-type":"","overlay-color":"","overlay-opacity":"","overlay-gradient":""}},"footnotes":""},"class_list":["post-937","page","type-page","status-publish","hentry"],"yoast_head":"<!-- This site is optimized with the Yoast SEO plugin v27.4 - https:\/\/yoast.com\/product\/yoast-seo-wordpress\/ -->\n<title>L\u00fchikonsultatsioon - Astrolaegas<\/title>\n<meta name=\"description\" content=\"Astroloogiline l\u00fchikonsultatsioon sobib nii esmaseks l\u00fchikeseks s\u00fcnnikaardiga tutvumiseks, s\u00fcnnikaardi anal\u00fc\u00fcsi j\u00e4rgselt lisak\u00fcsimustele vastamiseks v\u00f5i \u00fche spetsiifilise teema s\u00fcgavamaks anal\u00fc\u00fcsiks.\" \/>\n<meta name=\"robots\" content=\"index, follow, max-snippet:-1, max-image-preview:large, max-video-preview:-1\" \/>\n<link rel=\"canonical\" href=\"https:\/\/astrolaegas.ee\/en\/teenused\/luhikonsultatsioon\/\" \/>\n<meta property=\"og:locale\" content=\"en_GB\" \/>\n<meta property=\"og:type\" content=\"article\" \/>\n<meta property=\"og:title\" content=\"L\u00fchikonsultatsioon - Astrolaegas\" \/>\n<meta property=\"og:description\" content=\"Astroloogiline l\u00fchikonsultatsioon sobib nii esmaseks l\u00fchikeseks s\u00fcnnikaardiga tutvumiseks, s\u00fcnnikaardi anal\u00fc\u00fcsi j\u00e4rgselt lisak\u00fcsimustele vastamiseks v\u00f5i \u00fche spetsiifilise teema s\u00fcgavamaks anal\u00fc\u00fcsiks.\" \/>\n<meta property=\"og:url\" content=\"https:\/\/astrolaegas.ee\/en\/teenused\/luhikonsultatsioon\/\" \/>\n<meta property=\"og:site_name\" content=\"Astrolaegas\" \/>\n<meta property=\"article:modified_time\" content=\"2025-05-08T06:43:18+00:00\" \/>\n<meta property=\"og:image\" content=\"https:\/\/astrolaegas.ee\/wp-content\/uploads\/2022\/06\/woman-g1ef48e496_1280_greyscale-e1655368526998-1024x558.jpg\" \/>\n<meta name=\"twitter:card\" content=\"summary_large_image\" \/>\n<meta name=\"twitter:label1\" content=\"Estimated reading time\" \/>\n\t<meta name=\"twitter:data1\" content=\"1 minute\" \/>\n<script type=\"application\/ld+json\" class=\"yoast-schema-graph\">{\"@context\":\"https:\\\/\\\/schema.org\",\"@graph\":[{\"@type\":\"WebPage\",\"@id\":\"https:\\\/\\\/astrolaegas.ee\\\/teenused\\\/luhikonsultatsioon\\\/\",\"url\":\"https:\\\/\\\/astrolaegas.ee\\\/teenused\\\/luhikonsultatsioon\\\/\",\"name\":\"L\u00fchikonsultatsioon - Astrolaegas\",\"isPartOf\":{\"@id\":\"https:\\\/\\\/astrolaegas.ee\\\/#website\"},\"primaryImageOfPage\":{\"@id\":\"https:\\\/\\\/astrolaegas.ee\\\/teenused\\\/luhikonsultatsioon\\\/#primaryimage\"},\"image\":{\"@id\":\"https:\\\/\\\/astrolaegas.ee\\\/teenused\\\/luhikonsultatsioon\\\/#primaryimage\"},\"thumbnailUrl\":\"https:\\\/\\\/astrolaegas.ee\\\/wp-content\\\/uploads\\\/2022\\\/06\\\/woman-g1ef48e496_1280_greyscale-e1655368526998-1024x558.jpg\",\"datePublished\":\"2022-06-15T21:29:39+00:00\",\"dateModified\":\"2025-05-08T06:43:18+00:00\",\"description\":\"Astroloogiline l\u00fchikonsultatsioon sobib nii esmaseks l\u00fchikeseks s\u00fcnnikaardiga tutvumiseks, s\u00fcnnikaardi anal\u00fc\u00fcsi j\u00e4rgselt lisak\u00fcsimustele vastamiseks v\u00f5i \u00fche spetsiifilise teema s\u00fcgavamaks anal\u00fc\u00fcsiks.\",\"breadcrumb\":{\"@id\":\"https:\\\/\\\/astrolaegas.ee\\\/teenused\\\/luhikonsultatsioon\\\/#breadcrumb\"},\"inLanguage\":\"en-GB\",\"potentialAction\":[{\"@type\":\"ReadAction\",\"target\":[\"https:\\\/\\\/astrolaegas.ee\\\/teenused\\\/luhikonsultatsioon\\\/\"]}]},{\"@type\":\"ImageObject\",\"inLanguage\":\"en-GB\",\"@id\":\"https:\\\/\\\/astrolaegas.ee\\\/teenused\\\/luhikonsultatsioon\\\/#primaryimage\",\"url\":\"https:\\\/\\\/astrolaegas.ee\\\/wp-content\\\/uploads\\\/2022\\\/06\\\/woman-g1ef48e496_1280_greyscale-e1655368526998-1024x558.jpg\",\"contentUrl\":\"https:\\\/\\\/astrolaegas.ee\\\/wp-content\\\/uploads\\\/2022\\\/06\\\/woman-g1ef48e496_1280_greyscale-e1655368526998-1024x558.jpg\"},{\"@type\":\"BreadcrumbList\",\"@id\":\"https:\\\/\\\/astrolaegas.ee\\\/teenused\\\/luhikonsultatsioon\\\/#breadcrumb\",\"itemListElement\":[{\"@type\":\"ListItem\",\"position\":1,\"name\":\"Avaleht\",\"item\":\"https:\\\/\\\/astrolaegas.ee\\\/\"},{\"@type\":\"ListItem\",\"position\":2,\"name\":\"Teenused\",\"item\":\"https:\\\/\\\/astrolaegas.ee\\\/teenused\\\/\"},{\"@type\":\"ListItem\",\"position\":3,\"name\":\"L\u00fchikonsultatsioon\"}]},{\"@type\":\"WebSite\",\"@id\":\"https:\\\/\\\/astrolaegas.ee\\\/#website\",\"url\":\"https:\\\/\\\/astrolaegas.ee\\\/\",\"name\":\"Astrolaegas\",\"description\":\"\",\"publisher\":{\"@id\":\"https:\\\/\\\/astrolaegas.ee\\\/#organization\"},\"potentialAction\":[{\"@type\":\"SearchAction\",\"target\":{\"@type\":\"EntryPoint\",\"urlTemplate\":\"https:\\\/\\\/astrolaegas.ee\\\/?s={search_term_string}\"},\"query-input\":{\"@type\":\"PropertyValueSpecification\",\"valueRequired\":true,\"valueName\":\"search_term_string\"}}],\"inLanguage\":\"en-GB\"},{\"@type\":\"Organization\",\"@id\":\"https:\\\/\\\/astrolaegas.ee\\\/#organization\",\"name\":\"Astrolaegas\",\"url\":\"https:\\\/\\\/astrolaegas.ee\\\/\",\"logo\":{\"@type\":\"ImageObject\",\"inLanguage\":\"en-GB\",\"@id\":\"https:\\\/\\\/astrolaegas.ee\\\/#\\\/schema\\\/logo\\\/image\\\/\",\"url\":\"https:\\\/\\\/i0.wp.com\\\/astrolaegas.ee\\\/wp-content\\\/uploads\\\/2022\\\/06\\\/full-moon-logo.png?fit=500%2C500&ssl=1\",\"contentUrl\":\"https:\\\/\\\/i0.wp.com\\\/astrolaegas.ee\\\/wp-content\\\/uploads\\\/2022\\\/06\\\/full-moon-logo.png?fit=500%2C500&ssl=1\",\"width\":500,\"height\":500,\"caption\":\"Astrolaegas\"},\"image\":{\"@id\":\"https:\\\/\\\/astrolaegas.ee\\\/#\\\/schema\\\/logo\\\/image\\\/\"}}]}<\/script>\n<!-- \/ Yoast SEO plugin. -->","yoast_head_json":{"title":"L\u00fchikonsultatsioon - Astrolaegas","description":"Astroloogiline l\u00fchikonsultatsioon sobib nii esmaseks l\u00fchikeseks s\u00fcnnikaardiga tutvumiseks, s\u00fcnnikaardi anal\u00fc\u00fcsi j\u00e4rgselt lisak\u00fcsimustele vastamiseks v\u00f5i \u00fche spetsiifilise teema s\u00fcgavamaks anal\u00fc\u00fcsiks.","robots":{"index":"index","follow":"follow","max-snippet":"max-snippet:-1","max-image-preview":"max-image-preview:large","max-video-preview":"max-video-preview:-1"},"canonical":"https:\/\/astrolaegas.ee\/en\/teenused\/luhikonsultatsioon\/","og_locale":"en_GB","og_type":"article","og_title":"L\u00fchikonsultatsioon - Astrolaegas","og_description":"Astroloogiline l\u00fchikonsultatsioon sobib nii esmaseks l\u00fchikeseks s\u00fcnnikaardiga tutvumiseks, s\u00fcnnikaardi anal\u00fc\u00fcsi j\u00e4rgselt lisak\u00fcsimustele vastamiseks v\u00f5i \u00fche spetsiifilise teema s\u00fcgavamaks anal\u00fc\u00fcsiks.","og_url":"https:\/\/astrolaegas.ee\/en\/teenused\/luhikonsultatsioon\/","og_site_name":"Astrolaegas","article_modified_time":"2025-05-08T06:43:18+00:00","og_image":[{"url":"https:\/\/astrolaegas.ee\/wp-content\/uploads\/2022\/06\/woman-g1ef48e496_1280_greyscale-e1655368526998-1024x558.jpg","type":"","width":"","height":""}],"twitter_card":"summary_large_image","twitter_misc":{"Estimated reading time":"1 minute"},"schema":{"@context":"https:\/\/schema.org","@graph":[{"@type":"WebPage","@id":"https:\/\/astrolaegas.ee\/teenused\/luhikonsultatsioon\/","url":"https:\/\/astrolaegas.ee\/teenused\/luhikonsultatsioon\/","name":"L\u00fchikonsultatsioon - Astrolaegas","isPartOf":{"@id":"https:\/\/astrolaegas.ee\/#website"},"primaryImageOfPage":{"@id":"https:\/\/astrolaegas.ee\/teenused\/luhikonsultatsioon\/#primaryimage"},"image":{"@id":"https:\/\/astrolaegas.ee\/teenused\/luhikonsultatsioon\/#primaryimage"},"thumbnailUrl":"https:\/\/astrolaegas.ee\/wp-content\/uploads\/2022\/06\/woman-g1ef48e496_1280_greyscale-e1655368526998-1024x558.jpg","datePublished":"2022-06-15T21:29:39+00:00","dateModified":"2025-05-08T06:43:18+00:00","description":"Astroloogiline l\u00fchikonsultatsioon sobib nii esmaseks l\u00fchikeseks s\u00fcnnikaardiga tutvumiseks, s\u00fcnnikaardi anal\u00fc\u00fcsi j\u00e4rgselt lisak\u00fcsimustele vastamiseks v\u00f5i \u00fche spetsiifilise teema s\u00fcgavamaks anal\u00fc\u00fcsiks.","breadcrumb":{"@id":"https:\/\/astrolaegas.ee\/teenused\/luhikonsultatsioon\/#breadcrumb"},"inLanguage":"en-GB","potentialAction":[{"@type":"ReadAction","target":["https:\/\/astrolaegas.ee\/teenused\/luhikonsultatsioon\/"]}]},{"@type":"ImageObject","inLanguage":"en-GB","@id":"https:\/\/astrolaegas.ee\/teenused\/luhikonsultatsioon\/#primaryimage","url":"https:\/\/astrolaegas.ee\/wp-content\/uploads\/2022\/06\/woman-g1ef48e496_1280_greyscale-e1655368526998-1024x558.jpg","contentUrl":"https:\/\/astrolaegas.ee\/wp-content\/uploads\/2022\/06\/woman-g1ef48e496_1280_greyscale-e1655368526998-1024x558.jpg"},{"@type":"BreadcrumbList","@id":"https:\/\/astrolaegas.ee\/teenused\/luhikonsultatsioon\/#breadcrumb","itemListElement":[{"@type":"ListItem","position":1,"name":"Avaleht","item":"https:\/\/astrolaegas.ee\/"},{"@type":"ListItem","position":2,"name":"Teenused","item":"https:\/\/astrolaegas.ee\/teenused\/"},{"@type":"ListItem","position":3,"name":"L\u00fchikonsultatsioon"}]},{"@type":"WebSite","@id":"https:\/\/astrolaegas.ee\/#website","url":"https:\/\/astrolaegas.ee\/","name":"Astrolaegas","description":"","publisher":{"@id":"https:\/\/astrolaegas.ee\/#organization"},"potentialAction":[{"@type":"SearchAction","target":{"@type":"EntryPoint","urlTemplate":"https:\/\/astrolaegas.ee\/?s={search_term_string}"},"query-input":{"@type":"PropertyValueSpecification","valueRequired":true,"valueName":"search_term_string"}}],"inLanguage":"en-GB"},{"@type":"Organization","@id":"https:\/\/astrolaegas.ee\/#organization","name":"Astrolaegas","url":"https:\/\/astrolaegas.ee\/","logo":{"@type":"ImageObject","inLanguage":"en-GB","@id":"https:\/\/astrolaegas.ee\/#\/schema\/logo\/image\/","url":"https:\/\/i0.wp.com\/astrolaegas.ee\/wp-content\/uploads\/2022\/06\/full-moon-logo.png?fit=500%2C500&ssl=1","contentUrl":"https:\/\/i0.wp.com\/astrolaegas.ee\/wp-content\/uploads\/2022\/06\/full-moon-logo.png?fit=500%2C500&ssl=1","width":500,"height":500,"caption":"Astrolaegas"},"image":{"@id":"https:\/\/astrolaegas.ee\/#\/schema\/logo\/image\/"}}]}},"jetpack_sharing_enabled":true,"_links":{"self":[{"href":"https:\/\/astrolaegas.ee\/en\/wp-json\/wp\/v2\/pages\/937","targetHints":{"allow":["GET"]}}],"collection":[{"href":"https:\/\/astrolaegas.ee\/en\/wp-json\/wp\/v2\/pages"}],"about":[{"href":"https:\/\/astrolaegas.ee\/en\/wp-json\/wp\/v2\/types\/page"}],"author":[{"embeddable":true,"href":"https:\/\/astrolaegas.ee\/en\/wp-json\/wp\/v2\/users\/1"}],"replies":[{"embeddable":true,"href":"https:\/\/astrolaegas.ee\/en\/wp-json\/wp\/v2\/comments?post=937"}],"version-history":[{"count":5,"href":"https:\/\/astrolaegas.ee\/en\/wp-json\/wp\/v2\/pages\/937\/revisions"}],"predecessor-version":[{"id":3505,"href":"https:\/\/astrolaegas.ee\/en\/wp-json\/wp\/v2\/pages\/937\/revisions\/3505"}],"up":[{"embeddable":true,"href":"https:\/\/astrolaegas.ee\/en\/wp-json\/wp\/v2\/pages\/775"}],"wp:attachment":[{"href":"https:\/\/astrolaegas.ee\/en\/wp-json\/wp\/v2\/media?parent=937"}],"curies":[{"name":"wp","href":"https:\/\/api.w.org\/{rel}","templated":true}]}}