{"id":774,"date":"2018-09-18T09:04:39","date_gmt":"2018-09-18T06:04:39","guid":{"rendered":"https:\/\/astrolaegas.ee\/contact\/"},"modified":"2024-01-13T18:16:36","modified_gmt":"2024-01-13T15:16:36","slug":"kontakt","status":"publish","type":"page","link":"https:\/\/astrolaegas.ee\/en\/kontakt\/","title":{"rendered":"Contact"},"content":{"rendered":"\t\t<div data-elementor-type=\"wp-post\" data-elementor-id=\"774\" class=\"elementor elementor-774\">\n\t\t\t\t\t\t<section class=\"elementor-section elementor-top-section elementor-element elementor-element-5088564c elementor-section-boxed elementor-section-height-default elementor-section-height-default\" data-id=\"5088564c\" data-element_type=\"section\" data-e-type=\"section\" data-settings=\"{&quot;background_background&quot;:&quot;classic&quot;}\">\n\t\t\t\t\t\t<div class=\"elementor-container elementor-column-gap-no\">\n\t\t\t\t\t<div class=\"elementor-column elementor-col-50 elementor-top-column elementor-element elementor-element-7790f113\" data-id=\"7790f113\" data-element_type=\"column\" data-e-type=\"column\">\n\t\t\t<div class=\"elementor-widget-wrap elementor-element-populated\">\n\t\t\t\t\t\t<div class=\"elementor-element elementor-element-748a54aa elementor-widget elementor-widget-heading\" data-id=\"748a54aa\" data-element_type=\"widget\" data-e-type=\"widget\" data-widget_type=\"heading.default\">\n\t\t\t\t<div class=\"elementor-widget-container\">\n\t\t\t\t\t<h4 class=\"elementor-heading-title elementor-size-default\">Kontaktandmed<\/h4>\t\t\t\t<\/div>\n\t\t\t\t<\/div>\n\t\t\t\t<div class=\"elementor-element elementor-element-5f4b4559 elementor-widget elementor-widget-text-editor\" data-id=\"5f4b4559\" data-element_type=\"widget\" data-e-type=\"widget\" data-widget_type=\"text-editor.default\">\n\t\t\t\t<div class=\"elementor-widget-container\">\n\t\t\t\t\t\t\t\t\t<p>E-post:<br \/><strong>info@astrolaegas.ee<\/strong><\/p>\t\t\t\t\t\t\t\t<\/div>\n\t\t\t\t<\/div>\n\t\t\t\t<div class=\"elementor-element elementor-element-de97b68 elementor-position-inline-start elementor-view-default elementor-mobile-position-block-start elementor-widget elementor-widget-icon-box\" data-id=\"de97b68\" data-element_type=\"widget\" data-e-type=\"widget\" data-widget_type=\"icon-box.default\">\n\t\t\t\t<div class=\"elementor-widget-container\">\n\t\t\t\t\t\t\t<div class=\"elementor-icon-box-wrapper\">\n\n\t\t\t\t\t\t<div class=\"elementor-icon-box-icon\">\n\t\t\t\t<span  class=\"elementor-icon\">\n\t\t\t\t<i aria-hidden=\"true\" class=\"fas fa-map-marker-alt\"><\/i>\t\t\t\t<\/span>\n\t\t\t<\/div>\n\t\t\t\n\t\t\t\t\t\t<div class=\"elementor-icon-box-content\">\n\n\t\t\t\t\n\t\t\t\t\t\t\t\t\t<p class=\"elementor-icon-box-description\">\n\t\t\t\t\t\tTartu, Eesti\t\t\t\t\t<\/p>\n\t\t\t\t\n\t\t\t<\/div>\n\t\t\t\n\t\t<\/div>\n\t\t\t\t\t\t<\/div>\n\t\t\t\t<\/div>\n\t\t\t\t<div class=\"elementor-element elementor-element-48755974 elementor-widget elementor-widget-heading\" data-id=\"48755974\" data-element_type=\"widget\" data-e-type=\"widget\" data-widget_type=\"heading.default\">\n\t\t\t\t<div class=\"elementor-widget-container\">\n\t\t\t\t\t<h5 class=\"elementor-heading-title elementor-size-default\">J\u00e4lgi lisaks<\/h5>\t\t\t\t<\/div>\n\t\t\t\t<\/div>\n\t\t\t\t<div class=\"elementor-element elementor-element-79e9580 e-grid-align-left elementor-shape-rounded elementor-grid-0 elementor-widget elementor-widget-social-icons\" data-id=\"79e9580\" data-element_type=\"widget\" data-e-type=\"widget\" data-widget_type=\"social-icons.default\">\n\t\t\t\t<div class=\"elementor-widget-container\">\n\t\t\t\t\t\t\t<div class=\"elementor-social-icons-wrapper elementor-grid\" role=\"list\">\n\t\t\t\t\t\t\t<span class=\"elementor-grid-item\" role=\"listitem\">\n\t\t\t\t\t<a class=\"elementor-icon elementor-social-icon elementor-social-icon-facebook elementor-repeater-item-a1fbf10\" href=\"#\" target=\"_blank\">\n\t\t\t\t\t\t<span class=\"elementor-screen-only\">Facebook<\/span>\n\t\t\t\t\t\t<i aria-hidden=\"true\" class=\"fab fa-facebook\"><\/i>\t\t\t\t\t<\/a>\n\t\t\t\t<\/span>\n\t\t\t\t\t\t\t<span class=\"elementor-grid-item\" role=\"listitem\">\n\t\t\t\t\t<a class=\"elementor-icon elementor-social-icon elementor-social-icon-youtube elementor-repeater-item-e9a8a55\" href=\"#\" target=\"_blank\">\n\t\t\t\t\t\t<span class=\"elementor-screen-only\">Youtube<\/span>\n\t\t\t\t\t\t<i aria-hidden=\"true\" class=\"fab fa-youtube\"><\/i>\t\t\t\t\t<\/a>\n\t\t\t\t<\/span>\n\t\t\t\t\t<\/div>\n\t\t\t\t\t\t<\/div>\n\t\t\t\t<\/div>\n\t\t\t\t\t<\/div>\n\t\t<\/div>\n\t\t\t\t<div class=\"elementor-column elementor-col-50 elementor-top-column elementor-element elementor-element-2a66b529\" data-id=\"2a66b529\" data-element_type=\"column\" data-e-type=\"column\">\n\t\t\t<div class=\"elementor-widget-wrap elementor-element-populated\">\n\t\t\t\t\t\t<div class=\"elementor-element elementor-element-436c16 elementor-widget elementor-widget-heading\" data-id=\"436c16\" data-element_type=\"widget\" data-e-type=\"widget\" data-widget_type=\"heading.default\">\n\t\t\t\t<div class=\"elementor-widget-container\">\n\t\t\t\t\t<h4 class=\"elementor-heading-title elementor-size-default\">V\u00f5ta \u00fchendust<\/h4>\t\t\t\t<\/div>\n\t\t\t\t<\/div>\n\t\t\t\t<div class=\"elementor-element elementor-element-14cbb63 elementor-widget elementor-widget-text-editor\" data-id=\"14cbb63\" data-element_type=\"widget\" data-e-type=\"widget\" data-widget_type=\"text-editor.default\">\n\t\t\t\t<div class=\"elementor-widget-container\">\n\t\t\t\t\t\t\t\t\t<p>Kui Sul on k\u00fcsimusi, millele Sa kodulehelt vastust ei leidnud v\u00f5i Sa pole kindel, milline konsultatsioon oleks Sinu jaoks k\u00f5ige \u00f5igem, siis kirjuta mulle l\u00e4bi selle vormi v\u00f5i saada <a href=\"info@astrolaegas.ee\">e-kiri<\/a>.<\/p>\t\t\t\t\t\t\t\t<\/div>\n\t\t\t\t<\/div>\n\t\t\t\t<div class=\"elementor-element elementor-element-28a456 elementor-widget elementor-widget-shortcode\" data-id=\"28a456\" data-element_type=\"widget\" data-e-type=\"widget\" data-widget_type=\"shortcode.default\">\n\t\t\t\t<div class=\"elementor-widget-container\">\n\t\t\t\t\t\t\t<div class=\"elementor-shortcode\"><div class=\"wpforms-container \" id=\"wpforms-25\"><form id=\"wpforms-form-25\" class=\"wpforms-validate wpforms-form\" data-formid=\"25\" method=\"post\" enctype=\"multipart\/form-data\" action=\"\/en\/wp-json\/wp\/v2\/pages\/774\" data-token=\"adc6613300b4c8156127741dc9d1e00e\" data-token-time=\"1776034685\"><noscript class=\"wpforms-error-noscript\">Please enable JavaScript in your browser to complete this form.<\/noscript><div class=\"wpforms-field-container\"><div id=\"wpforms-25-field_0-container\" class=\"wpforms-field wpforms-field-name\" data-field-id=\"0\"><label class=\"wpforms-field-label wpforms-label-hide\" for=\"wpforms-25-field_0\">Nimi <span class=\"wpforms-required-label\">*<\/span><\/label><input type=\"text\" id=\"wpforms-25-field_0\" class=\"wpforms-field-large wpforms-field-required\" name=\"wpforms[fields][0]\" placeholder=\"Nimi\" required><\/div><div id=\"wpforms-25-field_1-container\" class=\"wpforms-field wpforms-field-email\" data-field-id=\"1\"><label class=\"wpforms-field-label wpforms-label-hide\" for=\"wpforms-25-field_1\">E-post <span class=\"wpforms-required-label\">*<\/span><\/label><input type=\"email\" id=\"wpforms-25-field_1\" class=\"wpforms-field-large wpforms-field-required\" name=\"wpforms[fields][1]\" placeholder=\"E-post\" spellcheck=\"false\" required><\/div><div id=\"wpforms-25-field_4-container\" class=\"wpforms-field wpforms-field-text\" data-field-id=\"4\"><label class=\"wpforms-field-label wpforms-label-hide\" for=\"wpforms-25-field_4\">Teema <span class=\"wpforms-required-label\">*<\/span><\/label><input type=\"text\" id=\"wpforms-25-field_4\" class=\"wpforms-field-large wpforms-field-required\" name=\"wpforms[fields][4]\" placeholder=\"Teema\" required><\/div><div id=\"wpforms-25-field_2-container\" class=\"wpforms-field wpforms-field-textarea\" data-field-id=\"2\"><label class=\"wpforms-field-label wpforms-label-hide\" for=\"wpforms-25-field_2\">S\u00f5num <span class=\"wpforms-required-label\">*<\/span><\/label><textarea id=\"wpforms-25-field_2\" class=\"wpforms-field-medium wpforms-field-required\" name=\"wpforms[fields][2]\" placeholder=\"S\u00f5num\" required><\/textarea><\/div><\/div><!-- .wpforms-field-container --><div class=\"wpforms-field wpforms-field-hp\"><label for=\"wpforms-25-field-hp\" class=\"wpforms-field-label\">Comment<\/label><input type=\"text\" name=\"wpforms[hp]\" id=\"wpforms-25-field-hp\" class=\"wpforms-field-medium\"><\/div><div class=\"wpforms-recaptcha-container wpforms-is-recaptcha wpforms-is-recaptcha-type-v3\" ><input type=\"hidden\" name=\"wpforms[recaptcha]\" value=\"\"><\/div><div class=\"wpforms-submit-container\" ><input type=\"hidden\" name=\"wpforms[id]\" value=\"25\"><input type=\"hidden\" name=\"page_title\" value=\"\"><input type=\"hidden\" name=\"page_url\" value=\"https:\/\/astrolaegas.ee\/en\/wp-json\/wp\/v2\/pages\/774\"><input type=\"hidden\" name=\"url_referer\" value=\"\"><button type=\"submit\" name=\"wpforms[submit]\" id=\"wpforms-submit-25\" class=\"wpforms-submit\" data-alt-text=\"Saatmisel...\" data-submit-text=\"Saada s\u00f5num\" aria-live=\"assertive\" value=\"wpforms-submit\">Saada s\u00f5num<\/button><\/div><\/form><\/div>  <!-- .wpforms-container --><\/div>\n\t\t\t\t\t\t<\/div>\n\t\t\t\t<\/div>\n\t\t\t\t\t<\/div>\n\t\t<\/div>\n\t\t\t\t\t<\/div>\n\t\t<\/section>\n\t\t\t\t<\/div>\n\t\t","protected":false},"excerpt":{"rendered":"<p>Kontaktandmed E-post: info@astrolaegas.ee Tartu, Eesti J\u00e4lgi lisaks Facebook Youtube V\u00f5ta \u00fchendust Kui Sul on k\u00fcsimusi, millele Sa kodulehelt vastust ei leidnud v\u00f5i Sa pole kindel, milline konsultatsioon oleks Sinu jaoks k\u00f5ige \u00f5igem, siis kirjuta mulle l\u00e4bi selle vormi v\u00f5i saada e-kiri.<\/p>","protected":false},"author":1,"featured_media":826,"parent":0,"menu_order":0,"comment_status":"closed","ping_status":"closed","template":"","meta":{"_monsterinsights_skip_tracking":false,"_monsterinsights_sitenote_active":false,"_monsterinsights_sitenote_note":"","_monsterinsights_sitenote_category":0,"site-sidebar-layout":"no-sidebar","site-content-layout":"page-builder","ast-site-content-layout":"full-width-container","site-content-style":"unboxed","site-sidebar-style":"unboxed","ast-global-header-display":"","ast-banner-title-visibility":"","ast-main-header-display":"","ast-hfb-above-header-display":"","ast-hfb-below-header-display":"","ast-hfb-mobile-header-display":"","site-post-title":"disabled","ast-breadcrumbs-content":"","ast-featured-img":"disabled","footer-sml-layout":"","ast-disable-related-posts":"","theme-transparent-header-meta":"enabled","adv-header-id-meta":"","stick-header-meta":"","header-above-stick-meta":"","header-main-stick-meta":"","header-below-stick-meta":"","astra-migrate-meta-layouts":"set","ast-page-background-enabled":"default","ast-page-background-meta":{"desktop":{"background-color":"","background-image":"","background-repeat":"repeat","background-position":"center center","background-size":"auto","background-attachment":"scroll","background-type":"","background-media":"","overlay-type":"","overlay-color":"","overlay-opacity":"","overlay-gradient":""},"tablet":{"background-color":"","background-image":"","background-repeat":"repeat","background-position":"center center","background-size":"auto","background-attachment":"scroll","background-type":"","background-media":"","overlay-type":"","overlay-color":"","overlay-opacity":"","overlay-gradient":""},"mobile":{"background-color":"","background-image":"","background-repeat":"repeat","background-position":"center center","background-size":"auto","background-attachment":"scroll","background-type":"","background-media":"","overlay-type":"","overlay-color":"","overlay-opacity":"","overlay-gradient":""}},"ast-content-background-meta":{"desktop":{"background-color":"var(--ast-global-color-5)","background-image":"","background-repeat":"repeat","background-position":"center center","background-size":"auto","background-attachment":"scroll","background-type":"","background-media":"","overlay-type":"","overlay-color":"","overlay-opacity":"","overlay-gradient":""},"tablet":{"background-color":"var(--ast-global-color-5)","background-image":"","background-repeat":"repeat","background-position":"center center","background-size":"auto","background-attachment":"scroll","background-type":"","background-media":"","overlay-type":"","overlay-color":"","overlay-opacity":"","overlay-gradient":""},"mobile":{"background-color":"var(--ast-global-color-5)","background-image":"","background-repeat":"repeat","background-position":"center center","background-size":"auto","background-attachment":"scroll","background-type":"","background-media":"","overlay-type":"","overlay-color":"","overlay-opacity":"","overlay-gradient":""}},"footnotes":""},"class_list":["post-774","page","type-page","status-publish","has-post-thumbnail","hentry"],"yoast_head":"<!-- This site is optimized with the Yoast SEO plugin v27.3 - https:\/\/yoast.com\/product\/yoast-seo-wordpress\/ -->\n<title>Kontakt - Astrolaegas<\/title>\n<meta name=\"description\" content=\"Kui Sul on k\u00fcsimusi, millele Sa kodulehelt vastust ei leidnud v\u00f5i Sa pole kindel, milline konsultatsioon oleks Sinu jaoks k\u00f5ige \u00f5igem, siis kirjuta mulle l\u00e4bi selle vormi v\u00f5i saada e-kiri.\" \/>\n<meta name=\"robots\" content=\"index, follow, max-snippet:-1, max-image-preview:large, max-video-preview:-1\" \/>\n<link rel=\"canonical\" href=\"https:\/\/ASTROLAEGAS.EE\/en\/kontakt\/\" \/>\n<meta property=\"og:locale\" content=\"en_GB\" \/>\n<meta property=\"og:type\" content=\"article\" \/>\n<meta property=\"og:title\" content=\"Kontakt - Astrolaegas\" \/>\n<meta property=\"og:description\" content=\"Kui Sul on k\u00fcsimusi, millele Sa kodulehelt vastust ei leidnud v\u00f5i Sa pole kindel, milline konsultatsioon oleks Sinu jaoks k\u00f5ige \u00f5igem, siis kirjuta mulle l\u00e4bi selle vormi v\u00f5i saada e-kiri.\" \/>\n<meta property=\"og:url\" content=\"https:\/\/ASTROLAEGAS.EE\/en\/kontakt\/\" \/>\n<meta property=\"og:site_name\" content=\"Astrolaegas\" \/>\n<meta property=\"article:modified_time\" content=\"2024-01-13T15:16:36+00:00\" \/>\n<meta property=\"og:image\" content=\"https:\/\/i0.wp.com\/www.astrolaegas.ee\/wp-content\/uploads\/2022\/06\/full-moon-logo.png?fit=500%2C500&ssl=1\" \/>\n\t<meta property=\"og:image:width\" content=\"500\" \/>\n\t<meta property=\"og:image:height\" content=\"500\" \/>\n\t<meta property=\"og:image:type\" content=\"image\/png\" \/>\n<meta name=\"twitter:card\" content=\"summary_large_image\" \/>\n<meta name=\"twitter:label1\" content=\"Estimated reading time\" \/>\n\t<meta name=\"twitter:data1\" content=\"1 minute\" \/>\n<script type=\"application\/ld+json\" class=\"yoast-schema-graph\">{\"@context\":\"https:\\\/\\\/schema.org\",\"@graph\":[{\"@type\":\"WebPage\",\"@id\":\"https:\\\/\\\/ASTROLAEGAS.EE\\\/en\\\/kontakt\\\/\",\"url\":\"https:\\\/\\\/ASTROLAEGAS.EE\\\/en\\\/kontakt\\\/\",\"name\":\"Kontakt - Astrolaegas\",\"isPartOf\":{\"@id\":\"https:\\\/\\\/astrolaegas.ee\\\/#website\"},\"primaryImageOfPage\":{\"@id\":\"https:\\\/\\\/ASTROLAEGAS.EE\\\/en\\\/kontakt\\\/#primaryimage\"},\"image\":{\"@id\":\"https:\\\/\\\/ASTROLAEGAS.EE\\\/en\\\/kontakt\\\/#primaryimage\"},\"thumbnailUrl\":\"https:\\\/\\\/i0.wp.com\\\/astrolaegas.ee\\\/wp-content\\\/uploads\\\/2022\\\/06\\\/full-moon-logo.png?fit=500%2C500&ssl=1\",\"datePublished\":\"2018-09-18T06:04:39+00:00\",\"dateModified\":\"2024-01-13T15:16:36+00:00\",\"description\":\"Kui Sul on k\u00fcsimusi, millele Sa kodulehelt vastust ei leidnud v\u00f5i Sa pole kindel, milline konsultatsioon oleks Sinu jaoks k\u00f5ige \u00f5igem, siis kirjuta mulle l\u00e4bi selle vormi v\u00f5i saada e-kiri.\",\"breadcrumb\":{\"@id\":\"https:\\\/\\\/ASTROLAEGAS.EE\\\/en\\\/kontakt\\\/#breadcrumb\"},\"inLanguage\":\"en-GB\",\"potentialAction\":[{\"@type\":\"ReadAction\",\"target\":[\"https:\\\/\\\/ASTROLAEGAS.EE\\\/en\\\/kontakt\\\/\"]}]},{\"@type\":\"ImageObject\",\"inLanguage\":\"en-GB\",\"@id\":\"https:\\\/\\\/ASTROLAEGAS.EE\\\/en\\\/kontakt\\\/#primaryimage\",\"url\":\"https:\\\/\\\/i0.wp.com\\\/astrolaegas.ee\\\/wp-content\\\/uploads\\\/2022\\\/06\\\/full-moon-logo.png?fit=500%2C500&ssl=1\",\"contentUrl\":\"https:\\\/\\\/i0.wp.com\\\/astrolaegas.ee\\\/wp-content\\\/uploads\\\/2022\\\/06\\\/full-moon-logo.png?fit=500%2C500&ssl=1\",\"width\":500,\"height\":500,\"caption\":\"astrolaegas-logo\"},{\"@type\":\"BreadcrumbList\",\"@id\":\"https:\\\/\\\/ASTROLAEGAS.EE\\\/en\\\/kontakt\\\/#breadcrumb\",\"itemListElement\":[{\"@type\":\"ListItem\",\"position\":1,\"name\":\"Avaleht\",\"item\":\"https:\\\/\\\/astrolaegas.ee\\\/\"},{\"@type\":\"ListItem\",\"position\":2,\"name\":\"Kontakt\"}]},{\"@type\":\"WebSite\",\"@id\":\"https:\\\/\\\/astrolaegas.ee\\\/#website\",\"url\":\"https:\\\/\\\/astrolaegas.ee\\\/\",\"name\":\"Astrolaegas\",\"description\":\"\",\"publisher\":{\"@id\":\"https:\\\/\\\/astrolaegas.ee\\\/#organization\"},\"potentialAction\":[{\"@type\":\"SearchAction\",\"target\":{\"@type\":\"EntryPoint\",\"urlTemplate\":\"https:\\\/\\\/astrolaegas.ee\\\/?s={search_term_string}\"},\"query-input\":{\"@type\":\"PropertyValueSpecification\",\"valueRequired\":true,\"valueName\":\"search_term_string\"}}],\"inLanguage\":\"en-GB\"},{\"@type\":\"Organization\",\"@id\":\"https:\\\/\\\/astrolaegas.ee\\\/#organization\",\"name\":\"Astrolaegas\",\"url\":\"https:\\\/\\\/astrolaegas.ee\\\/\",\"logo\":{\"@type\":\"ImageObject\",\"inLanguage\":\"en-GB\",\"@id\":\"https:\\\/\\\/astrolaegas.ee\\\/#\\\/schema\\\/logo\\\/image\\\/\",\"url\":\"https:\\\/\\\/i0.wp.com\\\/astrolaegas.ee\\\/wp-content\\\/uploads\\\/2022\\\/06\\\/full-moon-logo.png?fit=500%2C500&ssl=1\",\"contentUrl\":\"https:\\\/\\\/i0.wp.com\\\/astrolaegas.ee\\\/wp-content\\\/uploads\\\/2022\\\/06\\\/full-moon-logo.png?fit=500%2C500&ssl=1\",\"width\":500,\"height\":500,\"caption\":\"Astrolaegas\"},\"image\":{\"@id\":\"https:\\\/\\\/astrolaegas.ee\\\/#\\\/schema\\\/logo\\\/image\\\/\"}}]}<\/script>\n<!-- \/ Yoast SEO plugin. -->","yoast_head_json":{"title":"Kontakt - Astrolaegas","description":"Kui Sul on k\u00fcsimusi, millele Sa kodulehelt vastust ei leidnud v\u00f5i Sa pole kindel, milline konsultatsioon oleks Sinu jaoks k\u00f5ige \u00f5igem, siis kirjuta mulle l\u00e4bi selle vormi v\u00f5i saada e-kiri.","robots":{"index":"index","follow":"follow","max-snippet":"max-snippet:-1","max-image-preview":"max-image-preview:large","max-video-preview":"max-video-preview:-1"},"canonical":"https:\/\/ASTROLAEGAS.EE\/en\/kontakt\/","og_locale":"en_GB","og_type":"article","og_title":"Kontakt - Astrolaegas","og_description":"Kui Sul on k\u00fcsimusi, millele Sa kodulehelt vastust ei leidnud v\u00f5i Sa pole kindel, milline konsultatsioon oleks Sinu jaoks k\u00f5ige \u00f5igem, siis kirjuta mulle l\u00e4bi selle vormi v\u00f5i saada e-kiri.","og_url":"https:\/\/ASTROLAEGAS.EE\/en\/kontakt\/","og_site_name":"Astrolaegas","article_modified_time":"2024-01-13T15:16:36+00:00","og_image":[{"width":500,"height":500,"url":"https:\/\/i0.wp.com\/www.astrolaegas.ee\/wp-content\/uploads\/2022\/06\/full-moon-logo.png?fit=500%2C500&ssl=1","type":"image\/png"}],"twitter_card":"summary_large_image","twitter_misc":{"Estimated reading time":"1 minute"},"schema":{"@context":"https:\/\/schema.org","@graph":[{"@type":"WebPage","@id":"https:\/\/ASTROLAEGAS.EE\/en\/kontakt\/","url":"https:\/\/ASTROLAEGAS.EE\/en\/kontakt\/","name":"Kontakt - Astrolaegas","isPartOf":{"@id":"https:\/\/astrolaegas.ee\/#website"},"primaryImageOfPage":{"@id":"https:\/\/ASTROLAEGAS.EE\/en\/kontakt\/#primaryimage"},"image":{"@id":"https:\/\/ASTROLAEGAS.EE\/en\/kontakt\/#primaryimage"},"thumbnailUrl":"https:\/\/i0.wp.com\/astrolaegas.ee\/wp-content\/uploads\/2022\/06\/full-moon-logo.png?fit=500%2C500&ssl=1","datePublished":"2018-09-18T06:04:39+00:00","dateModified":"2024-01-13T15:16:36+00:00","description":"Kui Sul on k\u00fcsimusi, millele Sa kodulehelt vastust ei leidnud v\u00f5i Sa pole kindel, milline konsultatsioon oleks Sinu jaoks k\u00f5ige \u00f5igem, siis kirjuta mulle l\u00e4bi selle vormi v\u00f5i saada e-kiri.","breadcrumb":{"@id":"https:\/\/ASTROLAEGAS.EE\/en\/kontakt\/#breadcrumb"},"inLanguage":"en-GB","potentialAction":[{"@type":"ReadAction","target":["https:\/\/ASTROLAEGAS.EE\/en\/kontakt\/"]}]},{"@type":"ImageObject","inLanguage":"en-GB","@id":"https:\/\/ASTROLAEGAS.EE\/en\/kontakt\/#primaryimage","url":"https:\/\/i0.wp.com\/astrolaegas.ee\/wp-content\/uploads\/2022\/06\/full-moon-logo.png?fit=500%2C500&ssl=1","contentUrl":"https:\/\/i0.wp.com\/astrolaegas.ee\/wp-content\/uploads\/2022\/06\/full-moon-logo.png?fit=500%2C500&ssl=1","width":500,"height":500,"caption":"astrolaegas-logo"},{"@type":"BreadcrumbList","@id":"https:\/\/ASTROLAEGAS.EE\/en\/kontakt\/#breadcrumb","itemListElement":[{"@type":"ListItem","position":1,"name":"Avaleht","item":"https:\/\/astrolaegas.ee\/"},{"@type":"ListItem","position":2,"name":"Kontakt"}]},{"@type":"WebSite","@id":"https:\/\/astrolaegas.ee\/#website","url":"https:\/\/astrolaegas.ee\/","name":"Astrolaegas","description":"","publisher":{"@id":"https:\/\/astrolaegas.ee\/#organization"},"potentialAction":[{"@type":"SearchAction","target":{"@type":"EntryPoint","urlTemplate":"https:\/\/astrolaegas.ee\/?s={search_term_string}"},"query-input":{"@type":"PropertyValueSpecification","valueRequired":true,"valueName":"search_term_string"}}],"inLanguage":"en-GB"},{"@type":"Organization","@id":"https:\/\/astrolaegas.ee\/#organization","name":"Astrolaegas","url":"https:\/\/astrolaegas.ee\/","logo":{"@type":"ImageObject","inLanguage":"en-GB","@id":"https:\/\/astrolaegas.ee\/#\/schema\/logo\/image\/","url":"https:\/\/i0.wp.com\/astrolaegas.ee\/wp-content\/uploads\/2022\/06\/full-moon-logo.png?fit=500%2C500&ssl=1","contentUrl":"https:\/\/i0.wp.com\/astrolaegas.ee\/wp-content\/uploads\/2022\/06\/full-moon-logo.png?fit=500%2C500&ssl=1","width":500,"height":500,"caption":"Astrolaegas"},"image":{"@id":"https:\/\/astrolaegas.ee\/#\/schema\/logo\/image\/"}}]}},"jetpack_sharing_enabled":true,"_links":{"self":[{"href":"https:\/\/astrolaegas.ee\/en\/wp-json\/wp\/v2\/pages\/774","targetHints":{"allow":["GET"]}}],"collection":[{"href":"https:\/\/astrolaegas.ee\/en\/wp-json\/wp\/v2\/pages"}],"about":[{"href":"https:\/\/astrolaegas.ee\/en\/wp-json\/wp\/v2\/types\/page"}],"author":[{"embeddable":true,"href":"https:\/\/astrolaegas.ee\/en\/wp-json\/wp\/v2\/users\/1"}],"replies":[{"embeddable":true,"href":"https:\/\/astrolaegas.ee\/en\/wp-json\/wp\/v2\/comments?post=774"}],"version-history":[{"count":5,"href":"https:\/\/astrolaegas.ee\/en\/wp-json\/wp\/v2\/pages\/774\/revisions"}],"predecessor-version":[{"id":3054,"href":"https:\/\/astrolaegas.ee\/en\/wp-json\/wp\/v2\/pages\/774\/revisions\/3054"}],"wp:featuredmedia":[{"embeddable":true,"href":"https:\/\/astrolaegas.ee\/en\/wp-json\/wp\/v2\/media\/826"}],"wp:attachment":[{"href":"https:\/\/astrolaegas.ee\/en\/wp-json\/wp\/v2\/media?parent=774"}],"curies":[{"name":"wp","href":"https:\/\/api.w.org\/{rel}","templated":true}]}}