{"id":3,"date":"2022-06-08T17:23:20","date_gmt":"2022-06-08T14:23:20","guid":{"rendered":"https:\/\/astrolaegas.ee\/?page_id=3"},"modified":"2022-08-08T12:47:50","modified_gmt":"2022-08-08T09:47:50","slug":"privaatsustingimused","status":"publish","type":"page","link":"https:\/\/astrolaegas.ee\/en\/privaatsustingimused\/","title":{"rendered":"Privaatsustingimused"},"content":{"rendered":"\t\t<div data-elementor-type=\"wp-page\" data-elementor-id=\"3\" class=\"elementor elementor-3\">\n\t\t\t\t\t\t<section class=\"elementor-section elementor-top-section elementor-element elementor-element-757ab5a7 elementor-section-boxed elementor-section-height-default elementor-section-height-default\" data-id=\"757ab5a7\" data-element_type=\"section\" data-e-type=\"section\">\n\t\t\t\t\t\t<div class=\"elementor-container elementor-column-gap-default\">\n\t\t\t\t\t<div class=\"elementor-column elementor-col-100 elementor-top-column elementor-element elementor-element-a339d42\" data-id=\"a339d42\" data-element_type=\"column\" data-e-type=\"column\">\n\t\t\t<div class=\"elementor-widget-wrap elementor-element-populated\">\n\t\t\t\t\t\t<div class=\"elementor-element elementor-element-dee0dd6 elementor-widget elementor-widget-text-editor\" data-id=\"dee0dd6\" data-element_type=\"widget\" data-e-type=\"widget\" data-widget_type=\"text-editor.default\">\n\t\t\t\t<div class=\"elementor-widget-container\">\n\t\t\t\t\t\t\t\t\t<p><\/p>\n<p><\/p>\n<p><\/p>\n<p><\/p>\n<p><\/p>\n<h2 class=\"wp-block-heading\">Privaatsustingimused<\/h2>\n<p><\/p>\n<p><\/p>\n<p><\/p>\n<p>K\u00e4esoleva veebilehe aadress on: https:\/\/astrolaegas.ee.<\/p>\n<p>Kasutades Astrolaegas lehe teenuseid annate selge ja teadliku n\u00f5usoleku oma isikuandmete t\u00f6\u00f6tlemiseks.<\/p>\n<p><\/p>\n<p><\/p>\n<p><!-- [if !supportLists]-->Astrolaegas kogub Teie isikuandmeid broneeringu vormistamisel ning s\u00e4ilitab Teie poolt broneeringu vormistamise k\u00e4igus sisestatud kontaktandmed ja info broneeringu kohta. Teie isikuandmeid t\u00f6\u00f6deldakse koosk\u00f5las Eesti Vabariigis kehtivate seadustega.<\/p>\n<p><\/p>\n<p><\/p>\n<p><!-- [if !supportLists]-->Astrolaegas kasutab isikuandmeid Teile teenuste osutamiseks, edasi arendamiseks ja personaliseerimiseks. Astrolaegas v\u00f5ib kasutada Teie isikuandmeid Teile eripakkumiste, kampaaniate ja uudiskirjade edastamiseks e-posti teel \u00fcksnes juhul, kui olete andnud selleks oma n\u00f5usoleku.<\/p>\n<p><\/p>\n<p><\/p>\n<p>Teil on igal ajal \u00f5igus keelata oma isikuandmete kogumine ja kasutamine.<\/p>\n<p><\/p>\n<p><\/p>\n<p><!-- [if !supportLists]-->Astrolaegas ei edasta Teie kohta saadud isikuandmeid kolmandatele isikutele.<\/p>\n<p><\/p>\n<p><\/p>\n<p><!-- [if !supportLists]-->Astrolaegas veebileht kasutab Teie paremaks teenindamiseks k\u00fcpsiseid ehk <em>cookie<\/em>\u2019sid. K\u00fcpsised on v\u00e4ikesemahulised tekstifailid, mille saadavad ja salvestavad kasutaja arvutisse veebilehed, mida kasutaja k\u00fclastab. K\u00fcpsis salvestatakse kasutaja veebilehitseja failikataloogi. Juhul kui kasutaja on veebilehte varem k\u00fclastanud, loeb veebilehitseja k\u00fcpsist ning edastab vastava teabe veebilehele v\u00f5i elemendile, mis k\u00fcpsise algul salvestas. K\u00fcpsised v\u00f5ivad sisaldada tehnilisi andmeid kasutaja seadme ja interneti\u00fchenduse kohta, infot kasutaja eelistuste ja kasutamismustrite kohta jms. K\u00fcpsisest saadavat teavet kasutatakse veebilehe kasutusmugavuse ja sisu parandamise eesm\u00e4rgil.<\/p>\n<p><\/p>\n<p><\/p>\n<p>Kasutajal on \u00f5igus keelduda k\u00fcpsiste salvestamisest arvutisse. Vastava soovi korral peab kasutaja muutma oma veebilehitseja seadeid. K\u00fcpsiste blokeerimisel peab kasutaja arvestama, et k\u00f5ik veebilehe funktsioonid ei pruugi p\u00e4rast k\u00fcpsiste blokeerimist enam kasutajale k\u00e4ttesaadavad olla.<\/p>\n<p><\/p>\n<p><\/p>\n<p><\/p>\n<p><\/p>\n<p><\/p>\t\t\t\t\t\t\t\t<\/div>\n\t\t\t\t<\/div>\n\t\t\t\t\t<\/div>\n\t\t<\/div>\n\t\t\t\t\t<\/div>\n\t\t<\/section>\n\t\t\t\t<\/div>\n\t\t","protected":false},"excerpt":{"rendered":"<p>Privaatsustingimused K\u00e4esoleva veebilehe aadress on: https:\/\/astrolaegas.ee. Kasutades Astrolaegas lehe teenuseid annate selge ja teadliku n\u00f5usoleku oma isikuandmete t\u00f6\u00f6tlemiseks. Astrolaegas kogub Teie isikuandmeid broneeringu vormistamisel ning s\u00e4ilitab Teie poolt broneeringu vormistamise k\u00e4igus sisestatud kontaktandmed ja info broneeringu kohta. Teie isikuandmeid t\u00f6\u00f6deldakse koosk\u00f5las Eesti Vabariigis kehtivate seadustega. Astrolaegas kasutab isikuandmeid Teile teenuste osutamiseks, edasi arendamiseks ja personaliseerimiseks. [&hellip;]<\/p>\n","protected":false},"author":1,"featured_media":0,"parent":0,"menu_order":0,"comment_status":"closed","ping_status":"closed","template":"","meta":{"_monsterinsights_skip_tracking":false,"_monsterinsights_sitenote_active":false,"_monsterinsights_sitenote_note":"","_monsterinsights_sitenote_category":0,"site-sidebar-layout":"default","site-content-layout":"default","ast-site-content-layout":"default","site-content-style":"default","site-sidebar-style":"default","ast-global-header-display":"","ast-banner-title-visibility":"","ast-main-header-display":"","ast-hfb-above-header-display":"","ast-hfb-below-header-display":"","ast-hfb-mobile-header-display":"","site-post-title":"disabled","ast-breadcrumbs-content":"","ast-featured-img":"","footer-sml-layout":"","ast-disable-related-posts":"","theme-transparent-header-meta":"default","adv-header-id-meta":"","stick-header-meta":"","header-above-stick-meta":"","header-main-stick-meta":"","header-below-stick-meta":"","astra-migrate-meta-layouts":"default","ast-page-background-enabled":"default","ast-page-background-meta":{"desktop":{"background-color":"","background-image":"","background-repeat":"repeat","background-position":"center center","background-size":"auto","background-attachment":"scroll","background-type":"","background-media":"","overlay-type":"","overlay-color":"","overlay-opacity":"","overlay-gradient":""},"tablet":{"background-color":"","background-image":"","background-repeat":"repeat","background-position":"center center","background-size":"auto","background-attachment":"scroll","background-type":"","background-media":"","overlay-type":"","overlay-color":"","overlay-opacity":"","overlay-gradient":""},"mobile":{"background-color":"","background-image":"","background-repeat":"repeat","background-position":"center center","background-size":"auto","background-attachment":"scroll","background-type":"","background-media":"","overlay-type":"","overlay-color":"","overlay-opacity":"","overlay-gradient":""}},"ast-content-background-meta":{"desktop":{"background-color":"var(--ast-global-color-5)","background-image":"","background-repeat":"repeat","background-position":"center center","background-size":"auto","background-attachment":"scroll","background-type":"","background-media":"","overlay-type":"","overlay-color":"","overlay-opacity":"","overlay-gradient":""},"tablet":{"background-color":"var(--ast-global-color-5)","background-image":"","background-repeat":"repeat","background-position":"center center","background-size":"auto","background-attachment":"scroll","background-type":"","background-media":"","overlay-type":"","overlay-color":"","overlay-opacity":"","overlay-gradient":""},"mobile":{"background-color":"var(--ast-global-color-5)","background-image":"","background-repeat":"repeat","background-position":"center center","background-size":"auto","background-attachment":"scroll","background-type":"","background-media":"","overlay-type":"","overlay-color":"","overlay-opacity":"","overlay-gradient":""}},"footnotes":""},"class_list":["post-3","page","type-page","status-publish","hentry"],"yoast_head":"<!-- This site is optimized with the Yoast SEO plugin v27.4 - https:\/\/yoast.com\/product\/yoast-seo-wordpress\/ -->\n<title>Privaatsustingimused - Astrolaegas<\/title>\n<meta name=\"robots\" content=\"index, follow, max-snippet:-1, max-image-preview:large, max-video-preview:-1, noarchive\" \/>\n<link rel=\"canonical\" href=\"https:\/\/astrolaegas.ee\/en\/privaatsustingimused\/\" \/>\n<meta property=\"og:locale\" content=\"en_GB\" \/>\n<meta property=\"og:type\" content=\"article\" \/>\n<meta property=\"og:title\" content=\"Privaatsustingimused - Astrolaegas\" \/>\n<meta property=\"og:description\" content=\"Privaatsustingimused K\u00e4esoleva veebilehe aadress on: https:\/\/astrolaegas.ee. Kasutades Astrolaegas lehe teenuseid annate selge ja teadliku n\u00f5usoleku oma isikuandmete t\u00f6\u00f6tlemiseks. Astrolaegas kogub Teie isikuandmeid broneeringu vormistamisel ning s\u00e4ilitab Teie poolt broneeringu vormistamise k\u00e4igus sisestatud kontaktandmed ja info broneeringu kohta. Teie isikuandmeid t\u00f6\u00f6deldakse koosk\u00f5las Eesti Vabariigis kehtivate seadustega. Astrolaegas kasutab isikuandmeid Teile teenuste osutamiseks, edasi arendamiseks ja personaliseerimiseks. [&hellip;]\" \/>\n<meta property=\"og:url\" content=\"https:\/\/astrolaegas.ee\/en\/privaatsustingimused\/\" \/>\n<meta property=\"og:site_name\" content=\"Astrolaegas\" \/>\n<meta property=\"article:modified_time\" content=\"2022-08-08T09:47:50+00:00\" \/>\n<meta name=\"twitter:card\" content=\"summary_large_image\" \/>\n<meta name=\"twitter:label1\" content=\"Estimated reading time\" \/>\n\t<meta name=\"twitter:data1\" content=\"2 minutes\" \/>\n<script type=\"application\/ld+json\" class=\"yoast-schema-graph\">{\"@context\":\"https:\\\/\\\/schema.org\",\"@graph\":[{\"@type\":\"WebPage\",\"@id\":\"https:\\\/\\\/astrolaegas.ee\\\/en\\\/privaatsustingimused\\\/\",\"url\":\"https:\\\/\\\/astrolaegas.ee\\\/en\\\/privaatsustingimused\\\/\",\"name\":\"Privaatsustingimused - Astrolaegas\",\"isPartOf\":{\"@id\":\"https:\\\/\\\/astrolaegas.ee\\\/#website\"},\"datePublished\":\"2022-06-08T14:23:20+00:00\",\"dateModified\":\"2022-08-08T09:47:50+00:00\",\"breadcrumb\":{\"@id\":\"https:\\\/\\\/astrolaegas.ee\\\/en\\\/privaatsustingimused\\\/#breadcrumb\"},\"inLanguage\":\"en-GB\",\"potentialAction\":[{\"@type\":\"ReadAction\",\"target\":[\"https:\\\/\\\/astrolaegas.ee\\\/en\\\/privaatsustingimused\\\/\"]}]},{\"@type\":\"BreadcrumbList\",\"@id\":\"https:\\\/\\\/astrolaegas.ee\\\/en\\\/privaatsustingimused\\\/#breadcrumb\",\"itemListElement\":[{\"@type\":\"ListItem\",\"position\":1,\"name\":\"Avaleht\",\"item\":\"https:\\\/\\\/astrolaegas.ee\\\/\"},{\"@type\":\"ListItem\",\"position\":2,\"name\":\"CUSTOM TITLE\"}]},{\"@type\":\"WebSite\",\"@id\":\"https:\\\/\\\/astrolaegas.ee\\\/#website\",\"url\":\"https:\\\/\\\/astrolaegas.ee\\\/\",\"name\":\"Astrolaegas\",\"description\":\"\",\"publisher\":{\"@id\":\"https:\\\/\\\/astrolaegas.ee\\\/#organization\"},\"potentialAction\":[{\"@type\":\"SearchAction\",\"target\":{\"@type\":\"EntryPoint\",\"urlTemplate\":\"https:\\\/\\\/astrolaegas.ee\\\/?s={search_term_string}\"},\"query-input\":{\"@type\":\"PropertyValueSpecification\",\"valueRequired\":true,\"valueName\":\"search_term_string\"}}],\"inLanguage\":\"en-GB\"},{\"@type\":\"Organization\",\"@id\":\"https:\\\/\\\/astrolaegas.ee\\\/#organization\",\"name\":\"Astrolaegas\",\"url\":\"https:\\\/\\\/astrolaegas.ee\\\/\",\"logo\":{\"@type\":\"ImageObject\",\"inLanguage\":\"en-GB\",\"@id\":\"https:\\\/\\\/astrolaegas.ee\\\/#\\\/schema\\\/logo\\\/image\\\/\",\"url\":\"https:\\\/\\\/i0.wp.com\\\/astrolaegas.ee\\\/wp-content\\\/uploads\\\/2022\\\/06\\\/full-moon-logo.png?fit=500%2C500&ssl=1\",\"contentUrl\":\"https:\\\/\\\/i0.wp.com\\\/astrolaegas.ee\\\/wp-content\\\/uploads\\\/2022\\\/06\\\/full-moon-logo.png?fit=500%2C500&ssl=1\",\"width\":500,\"height\":500,\"caption\":\"Astrolaegas\"},\"image\":{\"@id\":\"https:\\\/\\\/astrolaegas.ee\\\/#\\\/schema\\\/logo\\\/image\\\/\"}}]}<\/script>\n<!-- \/ Yoast SEO plugin. -->","yoast_head_json":{"title":"Privaatsustingimused - Astrolaegas","robots":{"index":"index","follow":"follow","max-snippet":"max-snippet:-1","max-image-preview":"max-image-preview:large","max-video-preview":"max-video-preview:-1","archive":"noarchive"},"canonical":"https:\/\/astrolaegas.ee\/en\/privaatsustingimused\/","og_locale":"en_GB","og_type":"article","og_title":"Privaatsustingimused - Astrolaegas","og_description":"Privaatsustingimused K\u00e4esoleva veebilehe aadress on: https:\/\/astrolaegas.ee. Kasutades Astrolaegas lehe teenuseid annate selge ja teadliku n\u00f5usoleku oma isikuandmete t\u00f6\u00f6tlemiseks. Astrolaegas kogub Teie isikuandmeid broneeringu vormistamisel ning s\u00e4ilitab Teie poolt broneeringu vormistamise k\u00e4igus sisestatud kontaktandmed ja info broneeringu kohta. Teie isikuandmeid t\u00f6\u00f6deldakse koosk\u00f5las Eesti Vabariigis kehtivate seadustega. Astrolaegas kasutab isikuandmeid Teile teenuste osutamiseks, edasi arendamiseks ja personaliseerimiseks. [&hellip;]","og_url":"https:\/\/astrolaegas.ee\/en\/privaatsustingimused\/","og_site_name":"Astrolaegas","article_modified_time":"2022-08-08T09:47:50+00:00","twitter_card":"summary_large_image","twitter_misc":{"Estimated reading time":"2 minutes"},"schema":{"@context":"https:\/\/schema.org","@graph":[{"@type":"WebPage","@id":"https:\/\/astrolaegas.ee\/en\/privaatsustingimused\/","url":"https:\/\/astrolaegas.ee\/en\/privaatsustingimused\/","name":"Privaatsustingimused - Astrolaegas","isPartOf":{"@id":"https:\/\/astrolaegas.ee\/#website"},"datePublished":"2022-06-08T14:23:20+00:00","dateModified":"2022-08-08T09:47:50+00:00","breadcrumb":{"@id":"https:\/\/astrolaegas.ee\/en\/privaatsustingimused\/#breadcrumb"},"inLanguage":"en-GB","potentialAction":[{"@type":"ReadAction","target":["https:\/\/astrolaegas.ee\/en\/privaatsustingimused\/"]}]},{"@type":"BreadcrumbList","@id":"https:\/\/astrolaegas.ee\/en\/privaatsustingimused\/#breadcrumb","itemListElement":[{"@type":"ListItem","position":1,"name":"Avaleht","item":"https:\/\/astrolaegas.ee\/"},{"@type":"ListItem","position":2,"name":"CUSTOM TITLE"}]},{"@type":"WebSite","@id":"https:\/\/astrolaegas.ee\/#website","url":"https:\/\/astrolaegas.ee\/","name":"Astrolaegas","description":"","publisher":{"@id":"https:\/\/astrolaegas.ee\/#organization"},"potentialAction":[{"@type":"SearchAction","target":{"@type":"EntryPoint","urlTemplate":"https:\/\/astrolaegas.ee\/?s={search_term_string}"},"query-input":{"@type":"PropertyValueSpecification","valueRequired":true,"valueName":"search_term_string"}}],"inLanguage":"en-GB"},{"@type":"Organization","@id":"https:\/\/astrolaegas.ee\/#organization","name":"Astrolaegas","url":"https:\/\/astrolaegas.ee\/","logo":{"@type":"ImageObject","inLanguage":"en-GB","@id":"https:\/\/astrolaegas.ee\/#\/schema\/logo\/image\/","url":"https:\/\/i0.wp.com\/astrolaegas.ee\/wp-content\/uploads\/2022\/06\/full-moon-logo.png?fit=500%2C500&ssl=1","contentUrl":"https:\/\/i0.wp.com\/astrolaegas.ee\/wp-content\/uploads\/2022\/06\/full-moon-logo.png?fit=500%2C500&ssl=1","width":500,"height":500,"caption":"Astrolaegas"},"image":{"@id":"https:\/\/astrolaegas.ee\/#\/schema\/logo\/image\/"}}]}},"jetpack_sharing_enabled":true,"_links":{"self":[{"href":"https:\/\/astrolaegas.ee\/en\/wp-json\/wp\/v2\/pages\/3","targetHints":{"allow":["GET"]}}],"collection":[{"href":"https:\/\/astrolaegas.ee\/en\/wp-json\/wp\/v2\/pages"}],"about":[{"href":"https:\/\/astrolaegas.ee\/en\/wp-json\/wp\/v2\/types\/page"}],"author":[{"embeddable":true,"href":"https:\/\/astrolaegas.ee\/en\/wp-json\/wp\/v2\/users\/1"}],"replies":[{"embeddable":true,"href":"https:\/\/astrolaegas.ee\/en\/wp-json\/wp\/v2\/comments?post=3"}],"version-history":[{"count":5,"href":"https:\/\/astrolaegas.ee\/en\/wp-json\/wp\/v2\/pages\/3\/revisions"}],"predecessor-version":[{"id":1787,"href":"https:\/\/astrolaegas.ee\/en\/wp-json\/wp\/v2\/pages\/3\/revisions\/1787"}],"wp:attachment":[{"href":"https:\/\/astrolaegas.ee\/en\/wp-json\/wp\/v2\/media?parent=3"}],"curies":[{"name":"wp","href":"https:\/\/api.w.org\/{rel}","templated":true}]}}